{"id":2123,"date":"2026-04-20T17:39:59","date_gmt":"2026-04-20T17:39:59","guid":{"rendered":"https:\/\/aknaplekk.ee\/?post_type=product&#038;p=2123"},"modified":"2026-05-08T18:25:31","modified_gmt":"2026-05-08T18:25:31","slug":"%d0%ba%d1%80%d0%be%d0%b2%d0%b5%d0%bb%d1%8c%d0%bd%d1%8b%d0%b9-%d0%bb%d1%8e%d0%ba-600%d1%85600-%d0%bc%d0%bc","status":"publish","type":"product","link":"https:\/\/aknaplekk.ee\/ru\/product\/%d0%ba%d1%80%d0%be%d0%b2%d0%b5%d0%bb%d1%8c%d0%bd%d1%8b%d0%b9-%d0%bb%d1%8e%d0%ba-600%d1%85600-%d0%bc%d0%bc\/","title":{"rendered":"\u041a\u0440\u043e\u0432\u0435\u043b\u044c\u043d\u044b\u0439 \u043b\u044e\u043a 600\u0445600 \u043c\u043c"},"content":{"rendered":"<p data-path-to-node=\"6\">\u042d\u0442\u043e\u0442 \u043a\u0440\u043e\u0432\u0435\u043b\u044c\u043d\u044b\u0439 \u043b\u044e\u043a \u0441\u043e\u0447\u0435\u0442\u0430\u0435\u0442 \u0432 \u0441\u0435\u0431\u0435 \u0444\u0443\u043d\u043a\u0446\u0438\u043e\u043d\u0430\u043b\u044c\u043d\u043e\u0441\u0442\u044c \u0438 \u0434\u043e\u043b\u0433\u043e\u0432\u0435\u0447\u043d\u043e\u0441\u0442\u044c. \u0418\u0434\u0435\u0430\u043b\u044c\u043d\u043e \u043f\u043e\u0434\u0445\u043e\u0434\u0438\u0442 \u0434\u043b\u044f \u043d\u0435\u043e\u0442\u0430\u043f\u043b\u0438\u0432\u0430\u0435\u043c\u044b\u0445 \u0447\u0435\u0440\u0434\u0430\u0447\u043d\u044b\u0445 \u043f\u043e\u043c\u0435\u0449\u0435\u043d\u0438\u0439.<\/p>\n<ul data-path-to-node=\"7\">\n<li>\n<p data-path-to-node=\"7,0,0\"><b data-path-to-node=\"7,0,0\" data-index-in-node=\"0\">\u041c\u0430\u0442\u0435\u0440\u0438\u0430\u043b:<\/b> \u041e\u0446\u0438\u043d\u043a\u043e\u0432\u0430\u043d\u043d\u0430\u044f \u0441\u0442\u0430\u043b\u044c \u0442\u043e\u043b\u0449\u0438\u043d\u043e\u0439 0.5 \u043c\u043c \u0441 \u043f\u043e\u043b\u0438\u043c\u0435\u0440\u043d\u044b\u043c \u043f\u043e\u043a\u0440\u044b\u0442\u0438\u0435\u043c (PURAL \u0438\u043b\u0438 PE).<\/p>\n<\/li>\n<li>\n<p data-path-to-node=\"7,1,0\"><b data-path-to-node=\"7,1,0\" data-index-in-node=\"0\">\u0413\u0435\u0440\u043c\u0435\u0442\u0438\u0447\u043d\u043e\u0441\u0442\u044c:<\/b> \u041f\u0440\u043e\u0434\u0443\u043c\u0430\u043d\u043d\u0430\u044f \u043a\u043e\u043d\u0441\u0442\u0440\u0443\u043a\u0446\u0438\u044f \u043f\u0440\u0435\u0434\u043e\u0442\u0432\u0440\u0430\u0449\u0430\u0435\u0442 \u043f\u0440\u043e\u0442\u0435\u0447\u043a\u0438 \u0438 \u043e\u0431\u0440\u0430\u0437\u043e\u0432\u0430\u043d\u0438\u0435 \u043a\u043e\u043d\u0434\u0435\u043d\u0441\u0430\u0442\u0430.<\/p>\n<\/li>\n<\/ul>\n<p data-path-to-node=\"8\"><b data-path-to-node=\"8\" data-index-in-node=\"0\">\u0422\u0435\u0445\u043d\u0438\u0447\u0435\u0441\u043a\u0438\u0435 \u0445\u0430\u0440\u0430\u043a\u0442\u0435\u0440\u0438\u0441\u0442\u0438\u043a\u0438:<\/b><\/p>\n<ul data-path-to-node=\"9\">\n<li>\n<p data-path-to-node=\"9,0,0\">\u0420\u0430\u0437\u043c\u0435\u0440 \u043f\u0440\u043e\u0435\u043c\u0430: 600 \u0445 600 \u043c\u043c.<\/p>\n<\/li>\n<li>\n<p data-path-to-node=\"9,1,0\">\u0426\u0432\u0435\u0442: \u041f\u043e \u043a\u0430\u0442\u0430\u043b\u043e\u0433\u0443 RR (\u0441\u043e\u043e\u0442\u0432\u0435\u0442\u0441\u0442\u0432\u0443\u0435\u0442 \u0446\u0432\u0435\u0442\u0443 \u0432\u0430\u0448\u0435\u0439 \u043a\u0440\u043e\u0432\u043b\u0438).<\/p>\n<\/li>\n<\/ul>\n","protected":false},"excerpt":{"rendered":"<p>\u042d\u0442\u043e\u0442 \u043a\u0440\u043e\u0432\u0435\u043b\u044c\u043d\u044b\u0439 \u043b\u044e\u043a \u0441\u043e\u0447\u0435\u0442\u0430\u0435\u0442 \u0432 \u0441\u0435\u0431\u0435 \u0444\u0443\u043d\u043a\u0446\u0438\u043e\u043d\u0430\u043b\u044c\u043d\u043e\u0441\u0442\u044c \u0438 \u0434\u043e\u043b\u0433\u043e\u0432\u0435\u0447\u043d\u043e\u0441\u0442\u044c. \u0418\u0434\u0435\u0430\u043b\u044c\u043d\u043e \u043f\u043e\u0434\u0445\u043e\u0434\u0438\u0442 \u0434\u043b\u044f \u043d\u0435\u043e\u0442\u0430\u043f\u043b\u0438\u0432\u0430\u0435\u043c\u044b\u0445 \u0447\u0435\u0440\u0434\u0430\u0447\u043d\u044b\u0445 \u043f\u043e\u043c\u0435\u0449\u0435\u043d\u0438\u0439. \u041c\u0430\u0442\u0435\u0440\u0438\u0430\u043b: \u041e\u0446\u0438\u043d\u043a\u043e\u0432\u0430\u043d\u043d\u0430\u044f \u0441\u0442\u0430\u043b\u044c \u0442\u043e\u043b\u0449\u0438\u043d\u043e\u0439 0.5 \u043c\u043c \u0441 \u043f\u043e\u043b\u0438\u043c\u0435\u0440\u043d\u044b\u043c \u043f\u043e\u043a\u0440\u044b\u0442\u0438\u0435\u043c (PURAL \u0438\u043b\u0438 PE). \u0413\u0435\u0440\u043c\u0435\u0442\u0438\u0447\u043d\u043e\u0441\u0442\u044c: \u041f\u0440\u043e\u0434\u0443\u043c\u0430\u043d\u043d\u0430\u044f \u043a\u043e\u043d\u0441\u0442\u0440\u0443\u043a\u0446\u0438\u044f \u043f\u0440\u0435\u0434\u043e\u0442\u0432\u0440\u0430\u0449\u0430\u0435\u0442 \u043f\u0440\u043e\u0442\u0435\u0447\u043a\u0438 \u0438 \u043e\u0431\u0440\u0430\u0437\u043e\u0432\u0430\u043d\u0438\u0435 \u043a\u043e\u043d\u0434\u0435\u043d\u0441\u0430\u0442\u0430. \u0422\u0435\u0445\u043d\u0438\u0447\u0435\u0441\u043a\u0438\u0435 \u0445\u0430\u0440\u0430\u043a\u0442\u0435\u0440\u0438\u0441\u0442\u0438\u043a\u0438: \u0420\u0430\u0437\u043c\u0435\u0440 \u043f\u0440\u043e\u0435\u043c\u0430: 600 \u0445 600 \u043c\u043c. \u0426\u0432\u0435\u0442: \u041f\u043e \u043a\u0430\u0442\u0430\u043b\u043e\u0433\u0443 RR (\u0441\u043e\u043e\u0442\u0432\u0435\u0442\u0441\u0442\u0432\u0443\u0435\u0442 \u0446\u0432\u0435\u0442\u0443 \u0432\u0430\u0448\u0435\u0439 \u043a\u0440\u043e\u0432\u043b\u0438).<\/p>\n","protected":false},"featured_media":1650,"template":"","meta":{"_et_pb_use_builder":"","_et_pb_old_content":"","_et_gb_content_width":""},"product_brand":[],"product_cat":[39],"product_tag":[],"class_list":{"0":"post-2123","1":"product","2":"type-product","3":"status-publish","4":"has-post-thumbnail","6":"product_cat-rovelnoe_luki","8":"first","9":"instock","10":"taxable","11":"shipping-taxable","12":"purchasable","13":"product-type-variable"},"yoast_head":"<!-- This site is optimized with the Yoast SEO plugin v27.5 - https:\/\/yoast.com\/product\/yoast-seo-wordpress\/ -->\n<title>\u041a\u0440\u043e\u0432\u0435\u043b\u044c\u043d\u044b\u0439 \u043b\u044e\u043a 600\u0445600 \u043c\u043c - Aknaplekk O&Uuml;<\/title>\n<meta name=\"robots\" content=\"index, follow, max-snippet:-1, max-image-preview:large, max-video-preview:-1\" \/>\n<link rel=\"canonical\" href=\"https:\/\/aknaplekk.ee\/ru\/product\/\u043a\u0440\u043e\u0432\u0435\u043b\u044c\u043d\u044b\u0439-\u043b\u044e\u043a-600\u0445600-\u043c\u043c\/\" \/>\n<meta property=\"og:locale\" content=\"ru_RU\" \/>\n<meta property=\"og:type\" content=\"article\" \/>\n<meta property=\"og:title\" content=\"\u041a\u0440\u043e\u0432\u0435\u043b\u044c\u043d\u044b\u0439 \u043b\u044e\u043a 600\u0445600 \u043c\u043c - Aknaplekk O&Uuml;\" \/>\n<meta property=\"og:description\" content=\"\u042d\u0442\u043e\u0442 \u043a\u0440\u043e\u0432\u0435\u043b\u044c\u043d\u044b\u0439 \u043b\u044e\u043a \u0441\u043e\u0447\u0435\u0442\u0430\u0435\u0442 \u0432 \u0441\u0435\u0431\u0435 \u0444\u0443\u043d\u043a\u0446\u0438\u043e\u043d\u0430\u043b\u044c\u043d\u043e\u0441\u0442\u044c \u0438 \u0434\u043e\u043b\u0433\u043e\u0432\u0435\u0447\u043d\u043e\u0441\u0442\u044c. \u0418\u0434\u0435\u0430\u043b\u044c\u043d\u043e \u043f\u043e\u0434\u0445\u043e\u0434\u0438\u0442 \u0434\u043b\u044f \u043d\u0435\u043e\u0442\u0430\u043f\u043b\u0438\u0432\u0430\u0435\u043c\u044b\u0445 \u0447\u0435\u0440\u0434\u0430\u0447\u043d\u044b\u0445 \u043f\u043e\u043c\u0435\u0449\u0435\u043d\u0438\u0439. \u041c\u0430\u0442\u0435\u0440\u0438\u0430\u043b: \u041e\u0446\u0438\u043d\u043a\u043e\u0432\u0430\u043d\u043d\u0430\u044f \u0441\u0442\u0430\u043b\u044c \u0442\u043e\u043b\u0449\u0438\u043d\u043e\u0439 0.5 \u043c\u043c \u0441 \u043f\u043e\u043b\u0438\u043c\u0435\u0440\u043d\u044b\u043c \u043f\u043e\u043a\u0440\u044b\u0442\u0438\u0435\u043c (PURAL \u0438\u043b\u0438 PE). \u0413\u0435\u0440\u043c\u0435\u0442\u0438\u0447\u043d\u043e\u0441\u0442\u044c: \u041f\u0440\u043e\u0434\u0443\u043c\u0430\u043d\u043d\u0430\u044f \u043a\u043e\u043d\u0441\u0442\u0440\u0443\u043a\u0446\u0438\u044f \u043f\u0440\u0435\u0434\u043e\u0442\u0432\u0440\u0430\u0449\u0430\u0435\u0442 \u043f\u0440\u043e\u0442\u0435\u0447\u043a\u0438 \u0438 \u043e\u0431\u0440\u0430\u0437\u043e\u0432\u0430\u043d\u0438\u0435 \u043a\u043e\u043d\u0434\u0435\u043d\u0441\u0430\u0442\u0430. \u0422\u0435\u0445\u043d\u0438\u0447\u0435\u0441\u043a\u0438\u0435 \u0445\u0430\u0440\u0430\u043a\u0442\u0435\u0440\u0438\u0441\u0442\u0438\u043a\u0438: \u0420\u0430\u0437\u043c\u0435\u0440 \u043f\u0440\u043e\u0435\u043c\u0430: 600 \u0445 600 \u043c\u043c. \u0426\u0432\u0435\u0442: \u041f\u043e \u043a\u0430\u0442\u0430\u043b\u043e\u0433\u0443 RR (\u0441\u043e\u043e\u0442\u0432\u0435\u0442\u0441\u0442\u0432\u0443\u0435\u0442 \u0446\u0432\u0435\u0442\u0443 \u0432\u0430\u0448\u0435\u0439 \u043a\u0440\u043e\u0432\u043b\u0438).\" \/>\n<meta property=\"og:url\" content=\"https:\/\/aknaplekk.ee\/ru\/product\/\u043a\u0440\u043e\u0432\u0435\u043b\u044c\u043d\u044b\u0439-\u043b\u044e\u043a-600\u0445600-\u043c\u043c\/\" \/>\n<meta property=\"og:site_name\" content=\"Aknaplekk O&Uuml;\" \/>\n<meta property=\"article:modified_time\" content=\"2026-05-08T18:25:31+00:00\" \/>\n<meta property=\"og:image\" content=\"https:\/\/aknaplekk.ee\/wp-content\/uploads\/2026\/04\/20260226_103138-scaled.jpg\" \/>\n\t<meta property=\"og:image:width\" content=\"1920\" \/>\n\t<meta property=\"og:image:height\" content=\"2560\" \/>\n\t<meta property=\"og:image:type\" content=\"image\/jpeg\" \/>\n<meta name=\"twitter:card\" content=\"summary_large_image\" \/>\n<meta name=\"twitter:label1\" content=\"\u041f\u0440\u0438\u043c\u0435\u0440\u043d\u043e\u0435 \u0432\u0440\u0435\u043c\u044f \u0434\u043b\u044f \u0447\u0442\u0435\u043d\u0438\u044f\" \/>\n\t<meta name=\"twitter:data1\" content=\"1 \u043c\u0438\u043d\u0443\u0442\u0430\" \/>\n<script type=\"application\/ld+json\" class=\"yoast-schema-graph\">{\"@context\":\"https:\\\/\\\/schema.org\",\"@graph\":[{\"@type\":\"WebPage\",\"@id\":\"https:\\\/\\\/aknaplekk.ee\\\/ru\\\/product\\\/%d0%ba%d1%80%d0%be%d0%b2%d0%b5%d0%bb%d1%8c%d0%bd%d1%8b%d0%b9-%d0%bb%d1%8e%d0%ba-600%d1%85600-%d0%bc%d0%bc\\\/\",\"url\":\"https:\\\/\\\/aknaplekk.ee\\\/ru\\\/product\\\/%d0%ba%d1%80%d0%be%d0%b2%d0%b5%d0%bb%d1%8c%d0%bd%d1%8b%d0%b9-%d0%bb%d1%8e%d0%ba-600%d1%85600-%d0%bc%d0%bc\\\/\",\"name\":\"\u041a\u0440\u043e\u0432\u0435\u043b\u044c\u043d\u044b\u0439 \u043b\u044e\u043a 600\u0445600 \u043c\u043c - Aknaplekk O&Uuml;\",\"isPartOf\":{\"@id\":\"https:\\\/\\\/aknaplekk.ee\\\/#website\"},\"primaryImageOfPage\":{\"@id\":\"https:\\\/\\\/aknaplekk.ee\\\/ru\\\/product\\\/%d0%ba%d1%80%d0%be%d0%b2%d0%b5%d0%bb%d1%8c%d0%bd%d1%8b%d0%b9-%d0%bb%d1%8e%d0%ba-600%d1%85600-%d0%bc%d0%bc\\\/#primaryimage\"},\"image\":{\"@id\":\"https:\\\/\\\/aknaplekk.ee\\\/ru\\\/product\\\/%d0%ba%d1%80%d0%be%d0%b2%d0%b5%d0%bb%d1%8c%d0%bd%d1%8b%d0%b9-%d0%bb%d1%8e%d0%ba-600%d1%85600-%d0%bc%d0%bc\\\/#primaryimage\"},\"thumbnailUrl\":\"https:\\\/\\\/aknaplekk.ee\\\/wp-content\\\/uploads\\\/2026\\\/04\\\/20260226_103138-scaled.jpg\",\"datePublished\":\"2026-04-20T17:39:59+00:00\",\"dateModified\":\"2026-05-08T18:25:31+00:00\",\"breadcrumb\":{\"@id\":\"https:\\\/\\\/aknaplekk.ee\\\/ru\\\/product\\\/%d0%ba%d1%80%d0%be%d0%b2%d0%b5%d0%bb%d1%8c%d0%bd%d1%8b%d0%b9-%d0%bb%d1%8e%d0%ba-600%d1%85600-%d0%bc%d0%bc\\\/#breadcrumb\"},\"inLanguage\":\"ru-RU\",\"potentialAction\":[{\"@type\":\"ReadAction\",\"target\":[\"https:\\\/\\\/aknaplekk.ee\\\/ru\\\/product\\\/%d0%ba%d1%80%d0%be%d0%b2%d0%b5%d0%bb%d1%8c%d0%bd%d1%8b%d0%b9-%d0%bb%d1%8e%d0%ba-600%d1%85600-%d0%bc%d0%bc\\\/\"]}]},{\"@type\":\"ImageObject\",\"inLanguage\":\"ru-RU\",\"@id\":\"https:\\\/\\\/aknaplekk.ee\\\/ru\\\/product\\\/%d0%ba%d1%80%d0%be%d0%b2%d0%b5%d0%bb%d1%8c%d0%bd%d1%8b%d0%b9-%d0%bb%d1%8e%d0%ba-600%d1%85600-%d0%bc%d0%bc\\\/#primaryimage\",\"url\":\"https:\\\/\\\/aknaplekk.ee\\\/wp-content\\\/uploads\\\/2026\\\/04\\\/20260226_103138-scaled.jpg\",\"contentUrl\":\"https:\\\/\\\/aknaplekk.ee\\\/wp-content\\\/uploads\\\/2026\\\/04\\\/20260226_103138-scaled.jpg\",\"width\":1920,\"height\":2560},{\"@type\":\"BreadcrumbList\",\"@id\":\"https:\\\/\\\/aknaplekk.ee\\\/ru\\\/product\\\/%d0%ba%d1%80%d0%be%d0%b2%d0%b5%d0%bb%d1%8c%d0%bd%d1%8b%d0%b9-%d0%bb%d1%8e%d0%ba-600%d1%85600-%d0%bc%d0%bc\\\/#breadcrumb\",\"itemListElement\":[{\"@type\":\"ListItem\",\"position\":1,\"name\":\"\u0413\u043b\u0430\u0432\u043d\u0430\u044f \u0441\u0442\u0440\u0430\u043d\u0438\u0446\u0430\",\"item\":\"https:\\\/\\\/aknaplekk.ee\\\/ru\\\/\"},{\"@type\":\"ListItem\",\"position\":2,\"name\":\"\u041c\u0430\u0433\u0430\u0437\u0438\u043d\",\"item\":\"https:\\\/\\\/aknaplekk.ee\\\/ru\\\/magazin\\\/\"},{\"@type\":\"ListItem\",\"position\":3,\"name\":\"\u041a\u0440\u043e\u0432\u0435\u043b\u044c\u043d\u044b\u0439 \u043b\u044e\u043a 600\u0445600 \u043c\u043c\"}]},{\"@type\":\"WebSite\",\"@id\":\"https:\\\/\\\/aknaplekk.ee\\\/#website\",\"url\":\"https:\\\/\\\/aknaplekk.ee\\\/\",\"name\":\"Aknaplekk O&Uuml;\",\"description\":\"Plekit\u00f6\u00f6d, katuset\u00f6\u00f6d, vihmavees\u00fcsteem\",\"potentialAction\":[{\"@type\":\"SearchAction\",\"target\":{\"@type\":\"EntryPoint\",\"urlTemplate\":\"https:\\\/\\\/aknaplekk.ee\\\/?s={search_term_string}\"},\"query-input\":{\"@type\":\"PropertyValueSpecification\",\"valueRequired\":true,\"valueName\":\"search_term_string\"}}],\"inLanguage\":\"ru-RU\"}]}<\/script>\n<!-- \/ Yoast SEO plugin. -->","yoast_head_json":{"title":"\u041a\u0440\u043e\u0432\u0435\u043b\u044c\u043d\u044b\u0439 \u043b\u044e\u043a 600\u0445600 \u043c\u043c - Aknaplekk O&Uuml;","robots":{"index":"index","follow":"follow","max-snippet":"max-snippet:-1","max-image-preview":"max-image-preview:large","max-video-preview":"max-video-preview:-1"},"canonical":"https:\/\/aknaplekk.ee\/ru\/product\/\u043a\u0440\u043e\u0432\u0435\u043b\u044c\u043d\u044b\u0439-\u043b\u044e\u043a-600\u0445600-\u043c\u043c\/","og_locale":"ru_RU","og_type":"article","og_title":"\u041a\u0440\u043e\u0432\u0435\u043b\u044c\u043d\u044b\u0439 \u043b\u044e\u043a 600\u0445600 \u043c\u043c - Aknaplekk O&Uuml;","og_description":"\u042d\u0442\u043e\u0442 \u043a\u0440\u043e\u0432\u0435\u043b\u044c\u043d\u044b\u0439 \u043b\u044e\u043a \u0441\u043e\u0447\u0435\u0442\u0430\u0435\u0442 \u0432 \u0441\u0435\u0431\u0435 \u0444\u0443\u043d\u043a\u0446\u0438\u043e\u043d\u0430\u043b\u044c\u043d\u043e\u0441\u0442\u044c \u0438 \u0434\u043e\u043b\u0433\u043e\u0432\u0435\u0447\u043d\u043e\u0441\u0442\u044c. \u0418\u0434\u0435\u0430\u043b\u044c\u043d\u043e \u043f\u043e\u0434\u0445\u043e\u0434\u0438\u0442 \u0434\u043b\u044f \u043d\u0435\u043e\u0442\u0430\u043f\u043b\u0438\u0432\u0430\u0435\u043c\u044b\u0445 \u0447\u0435\u0440\u0434\u0430\u0447\u043d\u044b\u0445 \u043f\u043e\u043c\u0435\u0449\u0435\u043d\u0438\u0439. \u041c\u0430\u0442\u0435\u0440\u0438\u0430\u043b: \u041e\u0446\u0438\u043d\u043a\u043e\u0432\u0430\u043d\u043d\u0430\u044f \u0441\u0442\u0430\u043b\u044c \u0442\u043e\u043b\u0449\u0438\u043d\u043e\u0439 0.5 \u043c\u043c \u0441 \u043f\u043e\u043b\u0438\u043c\u0435\u0440\u043d\u044b\u043c \u043f\u043e\u043a\u0440\u044b\u0442\u0438\u0435\u043c (PURAL \u0438\u043b\u0438 PE). \u0413\u0435\u0440\u043c\u0435\u0442\u0438\u0447\u043d\u043e\u0441\u0442\u044c: \u041f\u0440\u043e\u0434\u0443\u043c\u0430\u043d\u043d\u0430\u044f \u043a\u043e\u043d\u0441\u0442\u0440\u0443\u043a\u0446\u0438\u044f \u043f\u0440\u0435\u0434\u043e\u0442\u0432\u0440\u0430\u0449\u0430\u0435\u0442 \u043f\u0440\u043e\u0442\u0435\u0447\u043a\u0438 \u0438 \u043e\u0431\u0440\u0430\u0437\u043e\u0432\u0430\u043d\u0438\u0435 \u043a\u043e\u043d\u0434\u0435\u043d\u0441\u0430\u0442\u0430. \u0422\u0435\u0445\u043d\u0438\u0447\u0435\u0441\u043a\u0438\u0435 \u0445\u0430\u0440\u0430\u043a\u0442\u0435\u0440\u0438\u0441\u0442\u0438\u043a\u0438: \u0420\u0430\u0437\u043c\u0435\u0440 \u043f\u0440\u043e\u0435\u043c\u0430: 600 \u0445 600 \u043c\u043c. \u0426\u0432\u0435\u0442: \u041f\u043e \u043a\u0430\u0442\u0430\u043b\u043e\u0433\u0443 RR (\u0441\u043e\u043e\u0442\u0432\u0435\u0442\u0441\u0442\u0432\u0443\u0435\u0442 \u0446\u0432\u0435\u0442\u0443 \u0432\u0430\u0448\u0435\u0439 \u043a\u0440\u043e\u0432\u043b\u0438).","og_url":"https:\/\/aknaplekk.ee\/ru\/product\/\u043a\u0440\u043e\u0432\u0435\u043b\u044c\u043d\u044b\u0439-\u043b\u044e\u043a-600\u0445600-\u043c\u043c\/","og_site_name":"Aknaplekk O&Uuml;","article_modified_time":"2026-05-08T18:25:31+00:00","og_image":[{"width":1920,"height":2560,"url":"https:\/\/aknaplekk.ee\/wp-content\/uploads\/2026\/04\/20260226_103138-scaled.jpg","type":"image\/jpeg"}],"twitter_card":"summary_large_image","twitter_misc":{"\u041f\u0440\u0438\u043c\u0435\u0440\u043d\u043e\u0435 \u0432\u0440\u0435\u043c\u044f \u0434\u043b\u044f \u0447\u0442\u0435\u043d\u0438\u044f":"1 \u043c\u0438\u043d\u0443\u0442\u0430"},"schema":{"@context":"https:\/\/schema.org","@graph":[{"@type":"WebPage","@id":"https:\/\/aknaplekk.ee\/ru\/product\/%d0%ba%d1%80%d0%be%d0%b2%d0%b5%d0%bb%d1%8c%d0%bd%d1%8b%d0%b9-%d0%bb%d1%8e%d0%ba-600%d1%85600-%d0%bc%d0%bc\/","url":"https:\/\/aknaplekk.ee\/ru\/product\/%d0%ba%d1%80%d0%be%d0%b2%d0%b5%d0%bb%d1%8c%d0%bd%d1%8b%d0%b9-%d0%bb%d1%8e%d0%ba-600%d1%85600-%d0%bc%d0%bc\/","name":"\u041a\u0440\u043e\u0432\u0435\u043b\u044c\u043d\u044b\u0439 \u043b\u044e\u043a 600\u0445600 \u043c\u043c - Aknaplekk O&Uuml;","isPartOf":{"@id":"https:\/\/aknaplekk.ee\/#website"},"primaryImageOfPage":{"@id":"https:\/\/aknaplekk.ee\/ru\/product\/%d0%ba%d1%80%d0%be%d0%b2%d0%b5%d0%bb%d1%8c%d0%bd%d1%8b%d0%b9-%d0%bb%d1%8e%d0%ba-600%d1%85600-%d0%bc%d0%bc\/#primaryimage"},"image":{"@id":"https:\/\/aknaplekk.ee\/ru\/product\/%d0%ba%d1%80%d0%be%d0%b2%d0%b5%d0%bb%d1%8c%d0%bd%d1%8b%d0%b9-%d0%bb%d1%8e%d0%ba-600%d1%85600-%d0%bc%d0%bc\/#primaryimage"},"thumbnailUrl":"https:\/\/aknaplekk.ee\/wp-content\/uploads\/2026\/04\/20260226_103138-scaled.jpg","datePublished":"2026-04-20T17:39:59+00:00","dateModified":"2026-05-08T18:25:31+00:00","breadcrumb":{"@id":"https:\/\/aknaplekk.ee\/ru\/product\/%d0%ba%d1%80%d0%be%d0%b2%d0%b5%d0%bb%d1%8c%d0%bd%d1%8b%d0%b9-%d0%bb%d1%8e%d0%ba-600%d1%85600-%d0%bc%d0%bc\/#breadcrumb"},"inLanguage":"ru-RU","potentialAction":[{"@type":"ReadAction","target":["https:\/\/aknaplekk.ee\/ru\/product\/%d0%ba%d1%80%d0%be%d0%b2%d0%b5%d0%bb%d1%8c%d0%bd%d1%8b%d0%b9-%d0%bb%d1%8e%d0%ba-600%d1%85600-%d0%bc%d0%bc\/"]}]},{"@type":"ImageObject","inLanguage":"ru-RU","@id":"https:\/\/aknaplekk.ee\/ru\/product\/%d0%ba%d1%80%d0%be%d0%b2%d0%b5%d0%bb%d1%8c%d0%bd%d1%8b%d0%b9-%d0%bb%d1%8e%d0%ba-600%d1%85600-%d0%bc%d0%bc\/#primaryimage","url":"https:\/\/aknaplekk.ee\/wp-content\/uploads\/2026\/04\/20260226_103138-scaled.jpg","contentUrl":"https:\/\/aknaplekk.ee\/wp-content\/uploads\/2026\/04\/20260226_103138-scaled.jpg","width":1920,"height":2560},{"@type":"BreadcrumbList","@id":"https:\/\/aknaplekk.ee\/ru\/product\/%d0%ba%d1%80%d0%be%d0%b2%d0%b5%d0%bb%d1%8c%d0%bd%d1%8b%d0%b9-%d0%bb%d1%8e%d0%ba-600%d1%85600-%d0%bc%d0%bc\/#breadcrumb","itemListElement":[{"@type":"ListItem","position":1,"name":"\u0413\u043b\u0430\u0432\u043d\u0430\u044f \u0441\u0442\u0440\u0430\u043d\u0438\u0446\u0430","item":"https:\/\/aknaplekk.ee\/ru\/"},{"@type":"ListItem","position":2,"name":"\u041c\u0430\u0433\u0430\u0437\u0438\u043d","item":"https:\/\/aknaplekk.ee\/ru\/magazin\/"},{"@type":"ListItem","position":3,"name":"\u041a\u0440\u043e\u0432\u0435\u043b\u044c\u043d\u044b\u0439 \u043b\u044e\u043a 600\u0445600 \u043c\u043c"}]},{"@type":"WebSite","@id":"https:\/\/aknaplekk.ee\/#website","url":"https:\/\/aknaplekk.ee\/","name":"Aknaplekk O&Uuml;","description":"Plekit\u00f6\u00f6d, katuset\u00f6\u00f6d, vihmavees\u00fcsteem","potentialAction":[{"@type":"SearchAction","target":{"@type":"EntryPoint","urlTemplate":"https:\/\/aknaplekk.ee\/?s={search_term_string}"},"query-input":{"@type":"PropertyValueSpecification","valueRequired":true,"valueName":"search_term_string"}}],"inLanguage":"ru-RU"}]}},"_links":{"self":[{"href":"https:\/\/aknaplekk.ee\/ru\/wp-json\/wp\/v2\/product\/2123","targetHints":{"allow":["GET"]}}],"collection":[{"href":"https:\/\/aknaplekk.ee\/ru\/wp-json\/wp\/v2\/product"}],"about":[{"href":"https:\/\/aknaplekk.ee\/ru\/wp-json\/wp\/v2\/types\/product"}],"wp:featuredmedia":[{"embeddable":true,"href":"https:\/\/aknaplekk.ee\/ru\/wp-json\/wp\/v2\/media\/1650"}],"wp:attachment":[{"href":"https:\/\/aknaplekk.ee\/ru\/wp-json\/wp\/v2\/media?parent=2123"}],"wp:term":[{"taxonomy":"product_brand","embeddable":true,"href":"https:\/\/aknaplekk.ee\/ru\/wp-json\/wp\/v2\/product_brand?post=2123"},{"taxonomy":"product_cat","embeddable":true,"href":"https:\/\/aknaplekk.ee\/ru\/wp-json\/wp\/v2\/product_cat?post=2123"},{"taxonomy":"product_tag","embeddable":true,"href":"https:\/\/aknaplekk.ee\/ru\/wp-json\/wp\/v2\/product_tag?post=2123"}],"curies":[{"name":"wp","href":"https:\/\/api.w.org\/{rel}","templated":true}]}}