{"id":2066,"date":"2026-04-16T21:09:31","date_gmt":"2026-04-16T21:09:31","guid":{"rendered":"https:\/\/aknaplekk.ee\/?post_type=product&#038;p=2066"},"modified":"2026-04-20T18:20:15","modified_gmt":"2026-04-20T18:20:15","slug":"%d0%bc%d0%b5%d1%82%d0%b0%d0%bb%d0%bb%d0%b8%d1%87%d0%b5%d1%81%d0%ba%d0%b0%d1%8f-%d0%b3%d1%80%d1%8f%d0%b4%d0%ba%d0%b0-%d1%88%d0%b8%d1%80%d0%b8%d0%bd%d0%b0-0-7%d0%bc-%d0%b2%d1%8b%d1%81%d0%be%d1%82%d0%b0","status":"publish","type":"product","link":"https:\/\/aknaplekk.ee\/ru\/product\/%d0%bc%d0%b5%d1%82%d0%b0%d0%bb%d0%bb%d0%b8%d1%87%d0%b5%d1%81%d0%ba%d0%b0%d1%8f-%d0%b3%d1%80%d1%8f%d0%b4%d0%ba%d0%b0-%d1%88%d0%b8%d1%80%d0%b8%d0%bd%d0%b0-0-7%d0%bc-%d0%b2%d1%8b%d1%81%d0%be%d1%82%d0%b0\/","title":{"rendered":"\u041c\u0435\u0442\u0430\u043b\u043b\u0438\u0447\u0435\u0441\u043a\u0430\u044f \u0433\u0440\u044f\u0434\u043a\u0430 (\u0448\u0438\u0440\u0438\u043d\u0430 0.7\u043c \u0432\u044b\u0441\u043e\u0442\u0430 0,17\u043c)"},"content":{"rendered":"<p>[et_pb_section fb_built=&#187;1&#8243; _builder_version=&#187;4.16&#8243; custom_padding=&#187;0px||||false|false&#187; global_colors_info=&#187;{}&#187;][et_pb_row _builder_version=&#187;4.16&#8243; background_size=&#187;initial&#187; background_position=&#187;top_left&#187; background_repeat=&#187;repeat&#187; width=&#187;100%&#187; custom_padding=&#187;0px||0px||false|false&#187; global_colors_info=&#187;{}&#187;][et_pb_column type=&#187;4_4&#8243; _builder_version=&#187;4.16&#8243; custom_padding=&#187;|||&#187; global_colors_info=&#187;{}&#187; custom_padding__hover=&#187;|||&#187;][et_pb_wc_breadcrumb _builder_version=&#187;4.16&#8243; global_colors_info=&#187;{}&#187;][\/et_pb_wc_breadcrumb][et_pb_wc_cart_notice _builder_version=&#187;4.16&#8243; global_colors_info=&#187;{}&#187;][\/et_pb_wc_cart_notice][\/et_pb_column][\/et_pb_row][et_pb_row _builder_version=&#187;4.16&#8243; background_size=&#187;initial&#187; background_position=&#187;top_left&#187; background_repeat=&#187;repeat&#187; width=&#187;100%&#187; custom_padding=&#187;0px||||false|false&#187; global_colors_info=&#187;{}&#187; column_structure=&#187;1_2,1_2&#8243;][et_pb_column type=&#187;1_2&#8243; _builder_version=&#187;4.16&#8243; custom_padding=&#187;|||&#187; global_colors_info=&#187;{}&#187; custom_padding__hover=&#187;|||&#187;][et_pb_wc_images _builder_version=&#187;4.16&#8243; global_colors_info=&#187;{}&#187;][\/et_pb_wc_images][\/et_pb_column][et_pb_column type=&#187;1_2&#8243; _builder_version=&#187;4.16&#8243; custom_padding=&#187;|||&#187; global_colors_info=&#187;{}&#187; custom_padding__hover=&#187;|||&#187;][et_pb_wc_title _builder_version=&#187;4.16&#8243; global_colors_info=&#187;{}&#187;][\/et_pb_wc_title][et_pb_wc_rating _builder_version=&#187;4.16&#8243; global_colors_info=&#187;{}&#187;][\/et_pb_wc_rating][et_pb_wc_price _builder_version=&#187;4.16&#8243; global_colors_info=&#187;{}&#187;][\/et_pb_wc_price][et_pb_wc_description _builder_version=&#187;4.16&#8243; global_colors_info=&#187;{}&#187;][\/et_pb_wc_description][et_pb_wc_add_to_cart _builder_version=&#187;4.16&#8243; global_colors_info=&#187;{}&#187;][\/et_pb_wc_add_to_cart][et_pb_wc_meta _builder_version=&#187;4.16&#8243; global_colors_info=&#187;{}&#187;][\/et_pb_wc_meta][\/et_pb_column][\/et_pb_row][et_pb_row _builder_version=&#187;4.16&#8243; background_size=&#187;initial&#187; background_position=&#187;top_left&#187; background_repeat=&#187;repeat&#187; width=&#187;100%&#187; global_colors_info=&#187;{}&#187;][et_pb_column type=&#187;4_4&#8243; _builder_version=&#187;4.16&#8243; custom_padding=&#187;|||&#187; global_colors_info=&#187;{}&#187; custom_padding__hover=&#187;|||&#187;][et_pb_wc_tabs _builder_version=&#187;4.16&#8243; global_colors_info=&#187;{}&#187;]\t\t\t\t\t[\/et_pb_wc_tabs][et_pb_wc_upsells _builder_version=&#187;4.16&#8243; global_colors_info=&#187;{}&#187;][\/et_pb_wc_upsells][et_pb_wc_related_products _builder_version=&#187;4.16&#8243; global_colors_info=&#187;{}&#187;][\/et_pb_wc_related_products][\/et_pb_column][\/et_pb_row][\/et_pb_section]<\/p>\n","protected":false},"excerpt":{"rendered":"<p><b data-path-to-node=\"3\" data-index-in-node=\"0\">\u041d\u0430\u0434\u0435\u0436\u043d\u0430\u044f \u043c\u0435\u0442\u0430\u043b\u043b\u0438\u0447\u0435\u0441\u043a\u0430\u044f \u0433\u0440\u044f\u0434\u043a\u0430 \u0438\u0437 \u043e\u0446\u0438\u043d\u043a\u043e\u0432\u0430\u043d\u043d\u043e\u0439 \u0441\u0442\u0430\u043b\u0438 \u0441 \u043f\u043e\u043b\u0438\u043c\u0435\u0440\u043d\u044b\u043c \u043f\u043e\u043a\u0440\u044b\u0442\u0438\u0435\u043c.<\/b><\/p>\n<p>\u0412 \u043e\u0442\u043b\u0438\u0447\u0438\u0435 \u043e\u0442 \u0434\u0435\u0440\u0435\u0432\u0430, \u043e\u043d\u0430 \u043d\u0435 \u0433\u043d\u0438\u0435\u0442, \u043d\u0435 \u0434\u0435\u0444\u043e\u0440\u043c\u0438\u0440\u0443\u0435\u0442\u0441\u044f \u0438 \u043d\u0435 \u0442\u0440\u0435\u0431\u0443\u0435\u0442 \u0435\u0436\u0435\u0433\u043e\u0434\u043d\u043e\u0439 \u043f\u043e\u043a\u0440\u0430\u0441\u043a\u0438. \u0421\u0440\u043e\u043a \u0441\u043b\u0443\u0436\u0431\u044b \u2014 \u0431\u043e\u043b\u0435\u0435 15 \u043b\u0435\u0442.<\/p>\n","protected":false},"featured_media":2103,"template":"","meta":{"_et_pb_use_builder":"on","_et_pb_old_content":"<p data-path-to-node=\"2,1\">\u041d\u0430\u0448\u0430 \u043d\u043e\u0432\u0438\u043d\u043a\u0430 2026 \u0433\u043e\u0434\u0430, \u043a\u043e\u0442\u043e\u0440\u0430\u044f \u0443\u0436\u0435 \u0441\u0442\u0430\u043b\u0430 \u0445\u0438\u0442\u043e\u043c! \u041c\u044b \u043f\u0440\u043e\u0438\u0437\u0432\u043e\u0434\u0438\u043c \u0434\u043e\u043b\u0433\u043e\u0432\u0435\u0447\u043d\u044b\u0435 \u0438 \u044d\u0441\u0442\u0435\u0442\u0438\u0447\u043d\u044b\u0435 \u0433\u0440\u044f\u0434\u043a\u0438 \u0438\u0437 \u043e\u0446\u0438\u043d\u043a\u043e\u0432\u0430\u043d\u043d\u043e\u0439 \u0441\u0442\u0430\u043b\u0438 \u0441 \u043f\u043e\u043b\u0438\u043c\u0435\u0440\u043d\u044b\u043c \u043f\u043e\u043a\u0440\u044b\u0442\u0438\u0435\u043c. \u0412 \u043e\u0442\u043b\u0438\u0447\u0438\u0435 \u043e\u0442 \u0434\u0435\u0440\u0435\u0432\u0430, \u043c\u0435\u0442\u0430\u043b\u043b \u043d\u0435 \u0433\u043d\u0438\u0435\u0442, \u043d\u0435 \u0440\u0430\u0437\u0431\u0443\u0445\u0430\u0435\u0442 \u0438 \u043d\u0435 \u043f\u0440\u0438\u0432\u043b\u0435\u043a\u0430\u0435\u0442 \u0432\u0440\u0435\u0434\u0438\u0442\u0435\u043b\u0435\u0439.<\/p>\r\n\r\n<ul data-path-to-node=\"8,1\">\r\n \t<li>\r\n<p data-path-to-node=\"8,1,0,0\"><b data-path-to-node=\"8,1,0,0\" data-index-in-node=\"0\">\u0421\u0440\u043e\u043a \u0441\u043b\u0443\u0436\u0431\u044b 15+ \u043b\u0435\u0442:<\/b>\u00a0\u0418\u0441\u043f\u043e\u043b\u044c\u0437\u0443\u0435\u043c \u043a\u0430\u0447\u0435\u0441\u0442\u0432\u0435\u043d\u043d\u0443\u044e \u0441\u0442\u0430\u043b\u044c, \u0443\u0441\u0442\u043e\u0439\u0447\u0438\u0432\u0443\u044e \u043a \u043a\u043e\u0440\u0440\u043e\u0437\u0438\u0438 \u0438 \u0432\u043b\u0430\u0436\u043d\u043e\u0441\u0442\u0438.<\/p>\r\n<\/li>\r\n \t<li>\r\n<p data-path-to-node=\"8,1,1,0\"><b data-path-to-node=\"8,1,1,0\" data-index-in-node=\"0\">\u041b\u044e\u0431\u044b\u0435 \u0440\u0430\u0437\u043c\u0435\u0440\u044b:<\/b>\u00a0\u0418\u0437\u0433\u043e\u0442\u043e\u0432\u0438\u043c \u0433\u0440\u044f\u0434\u043a\u0438 \u0442\u043e\u0447\u043d\u043e \u043f\u043e\u0434 \u0433\u0430\u0431\u0430\u0440\u0438\u0442\u044b \u0432\u0430\u0448\u0435\u0433\u043e \u0443\u0447\u0430\u0441\u0442\u043a\u0430 \u0438\u043b\u0438 \u0442\u0435\u043f\u043b\u0438\u0446\u044b.<\/p>\r\n<\/li>\r\n \t<li>\r\n<p data-path-to-node=\"8,1,2,0\"><b data-path-to-node=\"8,1,2,0\" data-index-in-node=\"0\">\u0411\u0435\u0437\u043e\u043f\u0430\u0441\u043d\u043e\u0441\u0442\u044c:<\/b>\u00a0\u041a\u0440\u0430\u044f \u0430\u043a\u043a\u0443\u0440\u0430\u0442\u043d\u043e \u0437\u0430\u0432\u0430\u043b\u044c\u0446\u043e\u0432\u0430\u043d\u044b \u2014 \u0432\u044b \u043d\u0435 \u043f\u043e\u0440\u0435\u0436\u0435\u0442\u0435\u0441\u044c \u043f\u0440\u0438 \u0440\u0430\u0431\u043e\u0442\u0435 \u0432 \u0441\u0430\u0434\u0443.<\/p>\r\n<\/li>\r\n \t<li>\r\n<p data-path-to-node=\"8,1,3,0\"><b data-path-to-node=\"8,1,3,0\" data-index-in-node=\"0\">\u0426\u0432\u0435\u0442\u043e\u0432\u0430\u044f \u0433\u0430\u0440\u043c\u043e\u043d\u0438\u044f:\u00a0<\/b>\u0413\u0440\u044f\u0434\u043a\u0438 \u0434\u043e\u0441\u0442\u0443\u043f\u043d\u044b \u0432 \u043a\u043b\u0430\u0441\u0441\u0438\u0447\u0435\u0441\u043a\u0438\u0445 \u043a\u0440\u043e\u0432\u0435\u043b\u044c\u043d\u044b\u0445 \u043e\u0442\u0442\u0435\u043d\u043a\u0430\u0445: ZN, RR32 (\u0442\u0435\u043c\u043d\u043e-\u0441\u0435\u0440\u044b\u0439), \u0438 RR23 (\u0441\u0435\u0440\u044b\u0439). \u042d\u0442\u043e \u043f\u043e\u0437\u0432\u043e\u043b\u044f\u0435\u0442 \u0438\u0434\u0435\u0430\u043b\u044c\u043d\u043e \u043f\u043e\u0434\u043e\u0431\u0440\u0430\u0442\u044c \u0446\u0432\u0435\u0442 \u0433\u0440\u044f\u0434\u043e\u043a \u043f\u043e\u0434 \u043a\u0440\u044b\u0448\u0443 \u0432\u0430\u0448\u0435\u0433\u043e \u0434\u043e\u043c\u0430 \u0438\u043b\u0438 \u0437\u0430\u0431\u043e\u0440, \u0441\u043e\u0437\u0434\u0430\u0432\u0430\u044f \u0435\u0434\u0438\u043d\u044b\u0439 \u0441\u0442\u0438\u043b\u044c \u043d\u0430 \u0432\u0441\u0435\u043c \u0443\u0447\u0430\u0441\u0442\u043a\u0435.<\/p>\r\n<\/li>\r\n<\/ul>\r\n<p data-path-to-node=\"2,1\"><em>\u0418\u0434\u0435\u0430\u043b\u044c\u043d\u043e\u0435 \u0440\u0435\u0448\u0435\u043d\u0438\u0435 \u0434\u043b\u044f \u0430\u043a\u043a\u0443\u0440\u0430\u0442\u043d\u043e\u0433\u043e \u043e\u0433\u043e\u0440\u043e\u0434\u0430 \u0438 \u0441\u043e\u0432\u0440\u0435\u043c\u0435\u043d\u043d\u044b\u0445 \u043b\u0430\u043d\u0434\u0448\u0430\u0444\u0442\u043d\u044b\u0445 \u043f\u0440\u043e\u0435\u043a\u0442\u043e\u0432.<\/em><\/p>","_et_gb_content_width":""},"product_brand":[],"product_cat":[40],"product_tag":[],"class_list":{"0":"post-2066","1":"product","2":"type-product","3":"status-publish","4":"has-post-thumbnail","6":"product_cat-grjadki","8":"first","9":"instock","10":"taxable","11":"shipping-taxable","12":"purchasable","13":"product-type-variable","14":"has-default-attributes"},"yoast_head":"<!-- This site is optimized with the Yoast SEO plugin v27.5 - https:\/\/yoast.com\/product\/yoast-seo-wordpress\/ -->\n<title>\u041c\u0435\u0442\u0430\u043b\u043b\u0438\u0447\u0435\u0441\u043a\u0430\u044f \u0433\u0440\u044f\u0434\u043a\u0430 (\u0448\u0438\u0440\u0438\u043d\u0430 0.7\u043c \u0432\u044b\u0441\u043e\u0442\u0430 0,17\u043c) - Aknaplekk O&Uuml;<\/title>\n<meta name=\"robots\" content=\"index, follow, max-snippet:-1, max-image-preview:large, max-video-preview:-1\" \/>\n<link rel=\"canonical\" href=\"https:\/\/aknaplekk.ee\/ru\/product\/\u043c\u0435\u0442\u0430\u043b\u043b\u0438\u0447\u0435\u0441\u043a\u0430\u044f-\u0433\u0440\u044f\u0434\u043a\u0430-\u0448\u0438\u0440\u0438\u043d\u0430-0-7\u043c-\u0432\u044b\u0441\u043e\u0442\u0430\/\" \/>\n<meta property=\"og:locale\" content=\"ru_RU\" \/>\n<meta property=\"og:type\" content=\"article\" \/>\n<meta property=\"og:title\" content=\"\u041c\u0435\u0442\u0430\u043b\u043b\u0438\u0447\u0435\u0441\u043a\u0430\u044f \u0433\u0440\u044f\u0434\u043a\u0430 (\u0448\u0438\u0440\u0438\u043d\u0430 0.7\u043c \u0432\u044b\u0441\u043e\u0442\u0430 0,17\u043c) - Aknaplekk O&Uuml;\" \/>\n<meta property=\"og:description\" content=\"\u041d\u0430\u0434\u0435\u0436\u043d\u0430\u044f \u043c\u0435\u0442\u0430\u043b\u043b\u0438\u0447\u0435\u0441\u043a\u0430\u044f \u0433\u0440\u044f\u0434\u043a\u0430 \u0438\u0437 \u043e\u0446\u0438\u043d\u043a\u043e\u0432\u0430\u043d\u043d\u043e\u0439 \u0441\u0442\u0430\u043b\u0438 \u0441 \u043f\u043e\u043b\u0438\u043c\u0435\u0440\u043d\u044b\u043c \u043f\u043e\u043a\u0440\u044b\u0442\u0438\u0435\u043c.  \u0412 \u043e\u0442\u043b\u0438\u0447\u0438\u0435 \u043e\u0442 \u0434\u0435\u0440\u0435\u0432\u0430, \u043e\u043d\u0430 \u043d\u0435 \u0433\u043d\u0438\u0435\u0442, \u043d\u0435 \u0434\u0435\u0444\u043e\u0440\u043c\u0438\u0440\u0443\u0435\u0442\u0441\u044f \u0438 \u043d\u0435 \u0442\u0440\u0435\u0431\u0443\u0435\u0442 \u0435\u0436\u0435\u0433\u043e\u0434\u043d\u043e\u0439 \u043f\u043e\u043a\u0440\u0430\u0441\u043a\u0438. \u0421\u0440\u043e\u043a \u0441\u043b\u0443\u0436\u0431\u044b \u2014 \u0431\u043e\u043b\u0435\u0435 15 \u043b\u0435\u0442.\" \/>\n<meta property=\"og:url\" content=\"https:\/\/aknaplekk.ee\/ru\/product\/\u043c\u0435\u0442\u0430\u043b\u043b\u0438\u0447\u0435\u0441\u043a\u0430\u044f-\u0433\u0440\u044f\u0434\u043a\u0430-\u0448\u0438\u0440\u0438\u043d\u0430-0-7\u043c-\u0432\u044b\u0441\u043e\u0442\u0430\/\" \/>\n<meta property=\"og:site_name\" content=\"Aknaplekk O&Uuml;\" \/>\n<meta property=\"article:modified_time\" content=\"2026-04-20T18:20:15+00:00\" \/>\n<meta property=\"og:image\" content=\"https:\/\/aknaplekk.ee\/wp-content\/uploads\/2026\/04\/1765892533861-1-1024x765.png\" \/>\n\t<meta property=\"og:image:width\" content=\"1024\" \/>\n\t<meta property=\"og:image:height\" content=\"765\" \/>\n\t<meta property=\"og:image:type\" content=\"image\/png\" \/>\n<meta name=\"twitter:card\" content=\"summary_large_image\" \/>\n<meta name=\"twitter:label1\" content=\"\u041f\u0440\u0438\u043c\u0435\u0440\u043d\u043e\u0435 \u0432\u0440\u0435\u043c\u044f \u0434\u043b\u044f \u0447\u0442\u0435\u043d\u0438\u044f\" \/>\n\t<meta name=\"twitter:data1\" content=\"1 \u043c\u0438\u043d\u0443\u0442\u0430\" \/>\n<script type=\"application\/ld+json\" class=\"yoast-schema-graph\">{\"@context\":\"https:\\\/\\\/schema.org\",\"@graph\":[{\"@type\":\"WebPage\",\"@id\":\"https:\\\/\\\/aknaplekk.ee\\\/ru\\\/product\\\/%d0%bc%d0%b5%d1%82%d0%b0%d0%bb%d0%bb%d0%b8%d1%87%d0%b5%d1%81%d0%ba%d0%b0%d1%8f-%d0%b3%d1%80%d1%8f%d0%b4%d0%ba%d0%b0-%d1%88%d0%b8%d1%80%d0%b8%d0%bd%d0%b0-0-7%d0%bc-%d0%b2%d1%8b%d1%81%d0%be%d1%82%d0%b0\\\/\",\"url\":\"https:\\\/\\\/aknaplekk.ee\\\/ru\\\/product\\\/%d0%bc%d0%b5%d1%82%d0%b0%d0%bb%d0%bb%d0%b8%d1%87%d0%b5%d1%81%d0%ba%d0%b0%d1%8f-%d0%b3%d1%80%d1%8f%d0%b4%d0%ba%d0%b0-%d1%88%d0%b8%d1%80%d0%b8%d0%bd%d0%b0-0-7%d0%bc-%d0%b2%d1%8b%d1%81%d0%be%d1%82%d0%b0\\\/\",\"name\":\"\u041c\u0435\u0442\u0430\u043b\u043b\u0438\u0447\u0435\u0441\u043a\u0430\u044f \u0433\u0440\u044f\u0434\u043a\u0430 (\u0448\u0438\u0440\u0438\u043d\u0430 0.7\u043c \u0432\u044b\u0441\u043e\u0442\u0430 0,17\u043c) - Aknaplekk O&Uuml;\",\"isPartOf\":{\"@id\":\"https:\\\/\\\/aknaplekk.ee\\\/#website\"},\"primaryImageOfPage\":{\"@id\":\"https:\\\/\\\/aknaplekk.ee\\\/ru\\\/product\\\/%d0%bc%d0%b5%d1%82%d0%b0%d0%bb%d0%bb%d0%b8%d1%87%d0%b5%d1%81%d0%ba%d0%b0%d1%8f-%d0%b3%d1%80%d1%8f%d0%b4%d0%ba%d0%b0-%d1%88%d0%b8%d1%80%d0%b8%d0%bd%d0%b0-0-7%d0%bc-%d0%b2%d1%8b%d1%81%d0%be%d1%82%d0%b0\\\/#primaryimage\"},\"image\":{\"@id\":\"https:\\\/\\\/aknaplekk.ee\\\/ru\\\/product\\\/%d0%bc%d0%b5%d1%82%d0%b0%d0%bb%d0%bb%d0%b8%d1%87%d0%b5%d1%81%d0%ba%d0%b0%d1%8f-%d0%b3%d1%80%d1%8f%d0%b4%d0%ba%d0%b0-%d1%88%d0%b8%d1%80%d0%b8%d0%bd%d0%b0-0-7%d0%bc-%d0%b2%d1%8b%d1%81%d0%be%d1%82%d0%b0\\\/#primaryimage\"},\"thumbnailUrl\":\"https:\\\/\\\/aknaplekk.ee\\\/wp-content\\\/uploads\\\/2026\\\/04\\\/1765892533861-1.png\",\"datePublished\":\"2026-04-16T21:09:31+00:00\",\"dateModified\":\"2026-04-20T18:20:15+00:00\",\"breadcrumb\":{\"@id\":\"https:\\\/\\\/aknaplekk.ee\\\/ru\\\/product\\\/%d0%bc%d0%b5%d1%82%d0%b0%d0%bb%d0%bb%d0%b8%d1%87%d0%b5%d1%81%d0%ba%d0%b0%d1%8f-%d0%b3%d1%80%d1%8f%d0%b4%d0%ba%d0%b0-%d1%88%d0%b8%d1%80%d0%b8%d0%bd%d0%b0-0-7%d0%bc-%d0%b2%d1%8b%d1%81%d0%be%d1%82%d0%b0\\\/#breadcrumb\"},\"inLanguage\":\"ru-RU\",\"potentialAction\":[{\"@type\":\"ReadAction\",\"target\":[\"https:\\\/\\\/aknaplekk.ee\\\/ru\\\/product\\\/%d0%bc%d0%b5%d1%82%d0%b0%d0%bb%d0%bb%d0%b8%d1%87%d0%b5%d1%81%d0%ba%d0%b0%d1%8f-%d0%b3%d1%80%d1%8f%d0%b4%d0%ba%d0%b0-%d1%88%d0%b8%d1%80%d0%b8%d0%bd%d0%b0-0-7%d0%bc-%d0%b2%d1%8b%d1%81%d0%be%d1%82%d0%b0\\\/\"]}]},{\"@type\":\"ImageObject\",\"inLanguage\":\"ru-RU\",\"@id\":\"https:\\\/\\\/aknaplekk.ee\\\/ru\\\/product\\\/%d0%bc%d0%b5%d1%82%d0%b0%d0%bb%d0%bb%d0%b8%d1%87%d0%b5%d1%81%d0%ba%d0%b0%d1%8f-%d0%b3%d1%80%d1%8f%d0%b4%d0%ba%d0%b0-%d1%88%d0%b8%d1%80%d0%b8%d0%bd%d0%b0-0-7%d0%bc-%d0%b2%d1%8b%d1%81%d0%be%d1%82%d0%b0\\\/#primaryimage\",\"url\":\"https:\\\/\\\/aknaplekk.ee\\\/wp-content\\\/uploads\\\/2026\\\/04\\\/1765892533861-1.png\",\"contentUrl\":\"https:\\\/\\\/aknaplekk.ee\\\/wp-content\\\/uploads\\\/2026\\\/04\\\/1765892533861-1.png\",\"width\":2400,\"height\":1792},{\"@type\":\"BreadcrumbList\",\"@id\":\"https:\\\/\\\/aknaplekk.ee\\\/ru\\\/product\\\/%d0%bc%d0%b5%d1%82%d0%b0%d0%bb%d0%bb%d0%b8%d1%87%d0%b5%d1%81%d0%ba%d0%b0%d1%8f-%d0%b3%d1%80%d1%8f%d0%b4%d0%ba%d0%b0-%d1%88%d0%b8%d1%80%d0%b8%d0%bd%d0%b0-0-7%d0%bc-%d0%b2%d1%8b%d1%81%d0%be%d1%82%d0%b0\\\/#breadcrumb\",\"itemListElement\":[{\"@type\":\"ListItem\",\"position\":1,\"name\":\"\u0413\u043b\u0430\u0432\u043d\u0430\u044f \u0441\u0442\u0440\u0430\u043d\u0438\u0446\u0430\",\"item\":\"https:\\\/\\\/aknaplekk.ee\\\/ru\\\/\"},{\"@type\":\"ListItem\",\"position\":2,\"name\":\"\u041c\u0430\u0433\u0430\u0437\u0438\u043d\",\"item\":\"https:\\\/\\\/aknaplekk.ee\\\/ru\\\/magazin\\\/\"},{\"@type\":\"ListItem\",\"position\":3,\"name\":\"\u041c\u0435\u0442\u0430\u043b\u043b\u0438\u0447\u0435\u0441\u043a\u0430\u044f \u0433\u0440\u044f\u0434\u043a\u0430 (\u0448\u0438\u0440\u0438\u043d\u0430 0.7\u043c \u0432\u044b\u0441\u043e\u0442\u0430 0,17\u043c)\"}]},{\"@type\":\"WebSite\",\"@id\":\"https:\\\/\\\/aknaplekk.ee\\\/#website\",\"url\":\"https:\\\/\\\/aknaplekk.ee\\\/\",\"name\":\"Aknaplekk O&Uuml;\",\"description\":\"Plekit\u00f6\u00f6d, katuset\u00f6\u00f6d, vihmavees\u00fcsteem\",\"potentialAction\":[{\"@type\":\"SearchAction\",\"target\":{\"@type\":\"EntryPoint\",\"urlTemplate\":\"https:\\\/\\\/aknaplekk.ee\\\/?s={search_term_string}\"},\"query-input\":{\"@type\":\"PropertyValueSpecification\",\"valueRequired\":true,\"valueName\":\"search_term_string\"}}],\"inLanguage\":\"ru-RU\"}]}<\/script>\n<!-- \/ Yoast SEO plugin. -->","yoast_head_json":{"title":"\u041c\u0435\u0442\u0430\u043b\u043b\u0438\u0447\u0435\u0441\u043a\u0430\u044f \u0433\u0440\u044f\u0434\u043a\u0430 (\u0448\u0438\u0440\u0438\u043d\u0430 0.7\u043c \u0432\u044b\u0441\u043e\u0442\u0430 0,17\u043c) - Aknaplekk O&Uuml;","robots":{"index":"index","follow":"follow","max-snippet":"max-snippet:-1","max-image-preview":"max-image-preview:large","max-video-preview":"max-video-preview:-1"},"canonical":"https:\/\/aknaplekk.ee\/ru\/product\/\u043c\u0435\u0442\u0430\u043b\u043b\u0438\u0447\u0435\u0441\u043a\u0430\u044f-\u0433\u0440\u044f\u0434\u043a\u0430-\u0448\u0438\u0440\u0438\u043d\u0430-0-7\u043c-\u0432\u044b\u0441\u043e\u0442\u0430\/","og_locale":"ru_RU","og_type":"article","og_title":"\u041c\u0435\u0442\u0430\u043b\u043b\u0438\u0447\u0435\u0441\u043a\u0430\u044f \u0433\u0440\u044f\u0434\u043a\u0430 (\u0448\u0438\u0440\u0438\u043d\u0430 0.7\u043c \u0432\u044b\u0441\u043e\u0442\u0430 0,17\u043c) - Aknaplekk O&Uuml;","og_description":"\u041d\u0430\u0434\u0435\u0436\u043d\u0430\u044f \u043c\u0435\u0442\u0430\u043b\u043b\u0438\u0447\u0435\u0441\u043a\u0430\u044f \u0433\u0440\u044f\u0434\u043a\u0430 \u0438\u0437 \u043e\u0446\u0438\u043d\u043a\u043e\u0432\u0430\u043d\u043d\u043e\u0439 \u0441\u0442\u0430\u043b\u0438 \u0441 \u043f\u043e\u043b\u0438\u043c\u0435\u0440\u043d\u044b\u043c \u043f\u043e\u043a\u0440\u044b\u0442\u0438\u0435\u043c.  \u0412 \u043e\u0442\u043b\u0438\u0447\u0438\u0435 \u043e\u0442 \u0434\u0435\u0440\u0435\u0432\u0430, \u043e\u043d\u0430 \u043d\u0435 \u0433\u043d\u0438\u0435\u0442, \u043d\u0435 \u0434\u0435\u0444\u043e\u0440\u043c\u0438\u0440\u0443\u0435\u0442\u0441\u044f \u0438 \u043d\u0435 \u0442\u0440\u0435\u0431\u0443\u0435\u0442 \u0435\u0436\u0435\u0433\u043e\u0434\u043d\u043e\u0439 \u043f\u043e\u043a\u0440\u0430\u0441\u043a\u0438. \u0421\u0440\u043e\u043a \u0441\u043b\u0443\u0436\u0431\u044b \u2014 \u0431\u043e\u043b\u0435\u0435 15 \u043b\u0435\u0442.","og_url":"https:\/\/aknaplekk.ee\/ru\/product\/\u043c\u0435\u0442\u0430\u043b\u043b\u0438\u0447\u0435\u0441\u043a\u0430\u044f-\u0433\u0440\u044f\u0434\u043a\u0430-\u0448\u0438\u0440\u0438\u043d\u0430-0-7\u043c-\u0432\u044b\u0441\u043e\u0442\u0430\/","og_site_name":"Aknaplekk O&Uuml;","article_modified_time":"2026-04-20T18:20:15+00:00","og_image":[{"width":1024,"height":765,"url":"https:\/\/aknaplekk.ee\/wp-content\/uploads\/2026\/04\/1765892533861-1-1024x765.png","type":"image\/png"}],"twitter_card":"summary_large_image","twitter_misc":{"\u041f\u0440\u0438\u043c\u0435\u0440\u043d\u043e\u0435 \u0432\u0440\u0435\u043c\u044f \u0434\u043b\u044f \u0447\u0442\u0435\u043d\u0438\u044f":"1 \u043c\u0438\u043d\u0443\u0442\u0430"},"schema":{"@context":"https:\/\/schema.org","@graph":[{"@type":"WebPage","@id":"https:\/\/aknaplekk.ee\/ru\/product\/%d0%bc%d0%b5%d1%82%d0%b0%d0%bb%d0%bb%d0%b8%d1%87%d0%b5%d1%81%d0%ba%d0%b0%d1%8f-%d0%b3%d1%80%d1%8f%d0%b4%d0%ba%d0%b0-%d1%88%d0%b8%d1%80%d0%b8%d0%bd%d0%b0-0-7%d0%bc-%d0%b2%d1%8b%d1%81%d0%be%d1%82%d0%b0\/","url":"https:\/\/aknaplekk.ee\/ru\/product\/%d0%bc%d0%b5%d1%82%d0%b0%d0%bb%d0%bb%d0%b8%d1%87%d0%b5%d1%81%d0%ba%d0%b0%d1%8f-%d0%b3%d1%80%d1%8f%d0%b4%d0%ba%d0%b0-%d1%88%d0%b8%d1%80%d0%b8%d0%bd%d0%b0-0-7%d0%bc-%d0%b2%d1%8b%d1%81%d0%be%d1%82%d0%b0\/","name":"\u041c\u0435\u0442\u0430\u043b\u043b\u0438\u0447\u0435\u0441\u043a\u0430\u044f \u0433\u0440\u044f\u0434\u043a\u0430 (\u0448\u0438\u0440\u0438\u043d\u0430 0.7\u043c \u0432\u044b\u0441\u043e\u0442\u0430 0,17\u043c) - Aknaplekk O&Uuml;","isPartOf":{"@id":"https:\/\/aknaplekk.ee\/#website"},"primaryImageOfPage":{"@id":"https:\/\/aknaplekk.ee\/ru\/product\/%d0%bc%d0%b5%d1%82%d0%b0%d0%bb%d0%bb%d0%b8%d1%87%d0%b5%d1%81%d0%ba%d0%b0%d1%8f-%d0%b3%d1%80%d1%8f%d0%b4%d0%ba%d0%b0-%d1%88%d0%b8%d1%80%d0%b8%d0%bd%d0%b0-0-7%d0%bc-%d0%b2%d1%8b%d1%81%d0%be%d1%82%d0%b0\/#primaryimage"},"image":{"@id":"https:\/\/aknaplekk.ee\/ru\/product\/%d0%bc%d0%b5%d1%82%d0%b0%d0%bb%d0%bb%d0%b8%d1%87%d0%b5%d1%81%d0%ba%d0%b0%d1%8f-%d0%b3%d1%80%d1%8f%d0%b4%d0%ba%d0%b0-%d1%88%d0%b8%d1%80%d0%b8%d0%bd%d0%b0-0-7%d0%bc-%d0%b2%d1%8b%d1%81%d0%be%d1%82%d0%b0\/#primaryimage"},"thumbnailUrl":"https:\/\/aknaplekk.ee\/wp-content\/uploads\/2026\/04\/1765892533861-1.png","datePublished":"2026-04-16T21:09:31+00:00","dateModified":"2026-04-20T18:20:15+00:00","breadcrumb":{"@id":"https:\/\/aknaplekk.ee\/ru\/product\/%d0%bc%d0%b5%d1%82%d0%b0%d0%bb%d0%bb%d0%b8%d1%87%d0%b5%d1%81%d0%ba%d0%b0%d1%8f-%d0%b3%d1%80%d1%8f%d0%b4%d0%ba%d0%b0-%d1%88%d0%b8%d1%80%d0%b8%d0%bd%d0%b0-0-7%d0%bc-%d0%b2%d1%8b%d1%81%d0%be%d1%82%d0%b0\/#breadcrumb"},"inLanguage":"ru-RU","potentialAction":[{"@type":"ReadAction","target":["https:\/\/aknaplekk.ee\/ru\/product\/%d0%bc%d0%b5%d1%82%d0%b0%d0%bb%d0%bb%d0%b8%d1%87%d0%b5%d1%81%d0%ba%d0%b0%d1%8f-%d0%b3%d1%80%d1%8f%d0%b4%d0%ba%d0%b0-%d1%88%d0%b8%d1%80%d0%b8%d0%bd%d0%b0-0-7%d0%bc-%d0%b2%d1%8b%d1%81%d0%be%d1%82%d0%b0\/"]}]},{"@type":"ImageObject","inLanguage":"ru-RU","@id":"https:\/\/aknaplekk.ee\/ru\/product\/%d0%bc%d0%b5%d1%82%d0%b0%d0%bb%d0%bb%d0%b8%d1%87%d0%b5%d1%81%d0%ba%d0%b0%d1%8f-%d0%b3%d1%80%d1%8f%d0%b4%d0%ba%d0%b0-%d1%88%d0%b8%d1%80%d0%b8%d0%bd%d0%b0-0-7%d0%bc-%d0%b2%d1%8b%d1%81%d0%be%d1%82%d0%b0\/#primaryimage","url":"https:\/\/aknaplekk.ee\/wp-content\/uploads\/2026\/04\/1765892533861-1.png","contentUrl":"https:\/\/aknaplekk.ee\/wp-content\/uploads\/2026\/04\/1765892533861-1.png","width":2400,"height":1792},{"@type":"BreadcrumbList","@id":"https:\/\/aknaplekk.ee\/ru\/product\/%d0%bc%d0%b5%d1%82%d0%b0%d0%bb%d0%bb%d0%b8%d1%87%d0%b5%d1%81%d0%ba%d0%b0%d1%8f-%d0%b3%d1%80%d1%8f%d0%b4%d0%ba%d0%b0-%d1%88%d0%b8%d1%80%d0%b8%d0%bd%d0%b0-0-7%d0%bc-%d0%b2%d1%8b%d1%81%d0%be%d1%82%d0%b0\/#breadcrumb","itemListElement":[{"@type":"ListItem","position":1,"name":"\u0413\u043b\u0430\u0432\u043d\u0430\u044f \u0441\u0442\u0440\u0430\u043d\u0438\u0446\u0430","item":"https:\/\/aknaplekk.ee\/ru\/"},{"@type":"ListItem","position":2,"name":"\u041c\u0430\u0433\u0430\u0437\u0438\u043d","item":"https:\/\/aknaplekk.ee\/ru\/magazin\/"},{"@type":"ListItem","position":3,"name":"\u041c\u0435\u0442\u0430\u043b\u043b\u0438\u0447\u0435\u0441\u043a\u0430\u044f \u0433\u0440\u044f\u0434\u043a\u0430 (\u0448\u0438\u0440\u0438\u043d\u0430 0.7\u043c \u0432\u044b\u0441\u043e\u0442\u0430 0,17\u043c)"}]},{"@type":"WebSite","@id":"https:\/\/aknaplekk.ee\/#website","url":"https:\/\/aknaplekk.ee\/","name":"Aknaplekk O&Uuml;","description":"Plekit\u00f6\u00f6d, katuset\u00f6\u00f6d, vihmavees\u00fcsteem","potentialAction":[{"@type":"SearchAction","target":{"@type":"EntryPoint","urlTemplate":"https:\/\/aknaplekk.ee\/?s={search_term_string}"},"query-input":{"@type":"PropertyValueSpecification","valueRequired":true,"valueName":"search_term_string"}}],"inLanguage":"ru-RU"}]}},"_links":{"self":[{"href":"https:\/\/aknaplekk.ee\/ru\/wp-json\/wp\/v2\/product\/2066","targetHints":{"allow":["GET"]}}],"collection":[{"href":"https:\/\/aknaplekk.ee\/ru\/wp-json\/wp\/v2\/product"}],"about":[{"href":"https:\/\/aknaplekk.ee\/ru\/wp-json\/wp\/v2\/types\/product"}],"wp:featuredmedia":[{"embeddable":true,"href":"https:\/\/aknaplekk.ee\/ru\/wp-json\/wp\/v2\/media\/2103"}],"wp:attachment":[{"href":"https:\/\/aknaplekk.ee\/ru\/wp-json\/wp\/v2\/media?parent=2066"}],"wp:term":[{"taxonomy":"product_brand","embeddable":true,"href":"https:\/\/aknaplekk.ee\/ru\/wp-json\/wp\/v2\/product_brand?post=2066"},{"taxonomy":"product_cat","embeddable":true,"href":"https:\/\/aknaplekk.ee\/ru\/wp-json\/wp\/v2\/product_cat?post=2066"},{"taxonomy":"product_tag","embeddable":true,"href":"https:\/\/aknaplekk.ee\/ru\/wp-json\/wp\/v2\/product_tag?post=2066"}],"curies":[{"name":"wp","href":"https:\/\/api.w.org\/{rel}","templated":true}]}}