{"id":50,"date":"2019-09-19T08:28:11","date_gmt":"2019-09-19T08:28:11","guid":{"rendered":"https:\/\/aknaplekk.ee\/?page_id=50"},"modified":"2026-04-12T19:33:38","modified_gmt":"2026-04-12T19:33:38","slug":"kontakty","status":"publish","type":"page","link":"https:\/\/aknaplekk.ee\/ru\/kontakty\/","title":{"rendered":"\u041a\u043e\u043d\u0442\u0430\u043a\u0442"},"content":{"rendered":"<p>[et_pb_section fb_built=&#187;1&#8243; admin_label=&#187;Hero section&#187; _builder_version=&#187;4.16&#8243; use_background_color_gradient=&#187;on&#187; background_color_gradient_stops=&#187;rgba(89,191,82,0.83) 0%|#0a5d5c 100%&#187; background_color_gradient_overlays_image=&#187;on&#187; background_color_gradient_start=&#187;rgba(89,191,82,0.83)&#187; background_color_gradient_end=&#187;#0a5d5c&#187; background_image=&#187;https:\/\/aknaplekk.ee\/wp-content\/uploads\/2019\/11\/header.jpg&#187; custom_margin=&#187;|||&#187; custom_padding=&#187;6%||10%|||&#187; global_colors_info=&#187;{}&#187;][et_pb_row column_structure=&#187;2_3,1_3&#8243; _builder_version=&#187;4.16&#8243; custom_margin=&#187;|||&#187; global_colors_info=&#187;{}&#187;][et_pb_column type=&#187;2_3&#8243; _builder_version=&#187;4.16&#8243; custom_padding=&#187;1px|||&#187; global_colors_info=&#187;{}&#187; custom_padding__hover=&#187;|||&#187;][et_pb_text _builder_version=&#187;4.16&#8243; text_font=&#187;Lato||||||||&#187; text_font_size=&#187;20px&#187; text_line_height=&#187;1.8em&#187; header_font=&#187;Lato|700|||||||&#187; header_font_size=&#187;80px&#187; header_letter_spacing=&#187;2px&#187; header_line_height=&#187;1.2em&#187; background_layout=&#187;dark&#187; animation_style=&#187;fold&#187; header_font_size_tablet=&#187;46px&#187; header_font_size_phone=&#187;&#187; header_font_size_last_edited=&#187;on|tablet&#187; global_colors_info=&#187;{}&#187;]<\/p>\n<h1 style=\"text-align: left;\">\u041a\u043e\u043d\u0442\u0430\u043a\u0442<\/h1>\n<p><span>\u0415\u0441\u043b\u0438 \u0443 \u0432\u0430\u0441 \u043f\u043e\u044f\u0432\u0438\u043b\u0441\u044f \u0432\u043e\u043f\u0440\u043e\u0441 \u0438\u043b\u0438 \u043f\u043e\u0436\u0435\u043b\u0430\u043d\u0438\u0435, \u0441\u043c\u0435\u043b\u043e \u0437\u0432\u043e\u043d\u0438\u0442\u0435 \u043d\u0430\u043c \u043f\u043e \u043d\u043e\u043c\u0435\u0440\u0443 \u0442\u0435\u043b\u0435\u0444\u043e\u043d\u0430 \u0438\u043b\u0438 \u0441\u0432\u044f\u0437\u044b\u0432\u0430\u0439\u0442\u0435\u0441\u044c \u043b\u044e\u0431\u044b\u043c \u0434\u0440\u0443\u0433\u0438\u043c \u0443\u0434\u043e\u0431\u043d\u044b\u043c \u0434\u043b\u044f \u0432\u0430\u0441 \u0441\u043f\u043e\u0441\u043e\u0431\u043e\u043c.<\/span><\/p>\n<p>[\/et_pb_text][\/et_pb_column][et_pb_column type=&#187;1_3&#8243; _builder_version=&#187;4.16&#8243; custom_padding=&#187;|||&#187; global_colors_info=&#187;{}&#187; custom_padding__hover=&#187;|||&#187;][\/et_pb_column][\/et_pb_row][\/et_pb_section][et_pb_section fb_built=&#187;1&#8243; _builder_version=&#187;4.16&#8243; custom_padding=&#187;54px|0px|100px|0px&#187; global_colors_info=&#187;{}&#187;][et_pb_row column_structure=&#187;2_3,1_3&#8243; use_custom_gutter=&#187;on&#187; gutter_width=&#187;1&#8243; admin_label=&#187;Contact&#187; _builder_version=&#187;4.16&#8243; background_color_gradient_direction=&#187;90deg&#187; background_size=&#187;initial&#187; background_position=&#187;top_left&#187; background_repeat=&#187;repeat&#187; custom_margin=&#187;-10%|||&#187; custom_padding=&#187;0px|0px|0px|0px&#187; animation_style=&#187;slide&#187; animation_direction=&#187;bottom&#187; animation_intensity_slide=&#187;4%&#187; border_radii=&#187;on|15px|15px|15px|15px&#187; box_shadow_style=&#187;preset3&#8243; box_shadow_vertical=&#187;58px&#187; box_shadow_blur=&#187;58px&#187; box_shadow_color=&#187;rgba(0,0,0,0.1)&#187; global_colors_info=&#187;{}&#187;][et_pb_column type=&#187;2_3&#8243; _builder_version=&#187;4.16&#8243; custom_padding=&#187;|||&#187; global_colors_info=&#187;{}&#187; custom_padding__hover=&#187;|||&#187;][et_pb_contact_form email=&#187;info@aknaplekk.ee&#187; title=&#187;\u041a\u043e\u043d\u0442\u0430\u043a\u0442\u043d\u0430\u044f \u0444\u043e\u0440\u043c\u0430&#187; custom_message=&#187;%%name%%||et_pb_line_break_holder||%%company%%||et_pb_line_break_holder||%%email%%||et_pb_line_break_holder||%%phone%%||et_pb_line_break_holder||%%message%%||et_pb_line_break_holder||%%privacy%%&#187; success_message=&#187;\u0421\u043f\u0430\u0441\u0438\u0431\u043e! \u041c\u044b \u0441\u0432\u044f\u0436\u0435\u043c\u0441\u044f \u0441 \u0432\u0430\u043c\u0438 \u0432 \u0431\u043b\u0438\u0436\u0430\u0439\u0448\u0435\u0435 \u0432\u0440\u0435\u043c\u044f.&#187; submit_button_text=&#187;\u041e\u0442\u043f\u0440\u0430\u0432\u0438\u0442\u044c&#187; module_id=&#187;et_pb_contact_form_0&#8243; _builder_version=&#187;4.16&#8243; _unique_id=&#187;736ddec2-0874-45f9-9bc4-c5023c312f80&#8243; form_field_background_color=&#187;#ffffff&#187; title_font=&#187;Lato|700|||||||&#187; title_font_size=&#187;34px&#187; title_line_height=&#187;1.8em&#187; form_field_font=&#187;Montserrat||||||||&#187; form_field_font_size=&#187;15px&#187; background_color=&#187;#ffffff&#187; custom_button=&#187;on&#187; button_text_size=&#187;15px&#187; button_text_color=&#187;#ffffff&#187; button_bg_color=&#187;#48c2c5&#8243; button_border_width=&#187;6px&#187; button_border_color=&#187;#48c2c5&#8243; button_border_radius=&#187;5px&#187; button_letter_spacing=&#187;2px&#187; button_font=&#187;Lato|900||on|||||&#187; custom_margin=&#187;|||&#187; custom_padding=&#187;50px|50px|10px|50px||&#187; border_width_all=&#187;2px&#187; border_color_all=&#187;#dce2ee&#187; form_background_color=&#187;#ffffff&#187; global_colors_info=&#187;{}&#187;][et_pb_contact_field field_id=&#187;Name&#187; field_title=&#187;\u0418\u043c\u044f&#187; _builder_version=&#187;4.16&#8243; global_colors_info=&#187;{}&#187; button_text_size__hover_enabled=&#187;off&#187; button_one_text_size__hover_enabled=&#187;off&#187; button_two_text_size__hover_enabled=&#187;off&#187; button_text_color__hover_enabled=&#187;off&#187; button_one_text_color__hover_enabled=&#187;off&#187; button_two_text_color__hover_enabled=&#187;off&#187; button_border_width__hover_enabled=&#187;off&#187; button_one_border_width__hover_enabled=&#187;off&#187; button_two_border_width__hover_enabled=&#187;off&#187; button_border_color__hover_enabled=&#187;off&#187; button_one_border_color__hover_enabled=&#187;off&#187; button_two_border_color__hover_enabled=&#187;off&#187; button_border_radius__hover_enabled=&#187;off&#187; button_one_border_radius__hover_enabled=&#187;off&#187; button_two_border_radius__hover_enabled=&#187;off&#187; button_letter_spacing__hover_enabled=&#187;off&#187; button_one_letter_spacing__hover_enabled=&#187;off&#187; button_two_letter_spacing__hover_enabled=&#187;off&#187; button_bg_color__hover_enabled=&#187;off&#187; button_one_bg_color__hover_enabled=&#187;off&#187; button_two_bg_color__hover_enabled=&#187;off&#187;][\/et_pb_contact_field][et_pb_contact_field field_id=&#187;Company&#187; field_title=&#187;\u0424\u0438\u0440\u043c\u0430&#187; required_mark=&#187;off&#187; _builder_version=&#187;4.16&#8243; global_colors_info=&#187;{}&#187; button_text_size__hover_enabled=&#187;off&#187; button_one_text_size__hover_enabled=&#187;off&#187; button_two_text_size__hover_enabled=&#187;off&#187; button_text_color__hover_enabled=&#187;off&#187; button_one_text_color__hover_enabled=&#187;off&#187; button_two_text_color__hover_enabled=&#187;off&#187; button_border_width__hover_enabled=&#187;off&#187; button_one_border_width__hover_enabled=&#187;off&#187; button_two_border_width__hover_enabled=&#187;off&#187; button_border_color__hover_enabled=&#187;off&#187; button_one_border_color__hover_enabled=&#187;off&#187; button_two_border_color__hover_enabled=&#187;off&#187; button_border_radius__hover_enabled=&#187;off&#187; button_one_border_radius__hover_enabled=&#187;off&#187; button_two_border_radius__hover_enabled=&#187;off&#187; button_letter_spacing__hover_enabled=&#187;off&#187; button_one_letter_spacing__hover_enabled=&#187;off&#187; button_two_letter_spacing__hover_enabled=&#187;off&#187; button_bg_color__hover_enabled=&#187;off&#187; button_one_bg_color__hover_enabled=&#187;off&#187; button_two_bg_color__hover_enabled=&#187;off&#187;][\/et_pb_contact_field][et_pb_contact_field field_id=&#187;Email&#187; field_title=&#187;\u042d\u043b.\u0430\u0434\u0440\u0435\u0441&#187; _builder_version=&#187;4.16&#8243; global_colors_info=&#187;{}&#187; button_text_size__hover_enabled=&#187;off&#187; button_one_text_size__hover_enabled=&#187;off&#187; button_two_text_size__hover_enabled=&#187;off&#187; button_text_color__hover_enabled=&#187;off&#187; button_one_text_color__hover_enabled=&#187;off&#187; button_two_text_color__hover_enabled=&#187;off&#187; button_border_width__hover_enabled=&#187;off&#187; button_one_border_width__hover_enabled=&#187;off&#187; button_two_border_width__hover_enabled=&#187;off&#187; button_border_color__hover_enabled=&#187;off&#187; button_one_border_color__hover_enabled=&#187;off&#187; button_two_border_color__hover_enabled=&#187;off&#187; button_border_radius__hover_enabled=&#187;off&#187; button_one_border_radius__hover_enabled=&#187;off&#187; button_two_border_radius__hover_enabled=&#187;off&#187; button_letter_spacing__hover_enabled=&#187;off&#187; button_one_letter_spacing__hover_enabled=&#187;off&#187; button_two_letter_spacing__hover_enabled=&#187;off&#187; button_bg_color__hover_enabled=&#187;off&#187; button_one_bg_color__hover_enabled=&#187;off&#187; button_two_bg_color__hover_enabled=&#187;off&#187;][\/et_pb_contact_field][et_pb_contact_field field_id=&#187;Phone&#187; field_title=&#187;\u041d\u043e\u043c\u0435\u0440 \u0442\u0435\u043b\u0435\u0444\u043e\u043d\u0430&#187; field_type=&#187;email&#187; _builder_version=&#187;4.16&#8243; global_colors_info=&#187;{}&#187; button_text_size__hover_enabled=&#187;off&#187; button_one_text_size__hover_enabled=&#187;off&#187; button_two_text_size__hover_enabled=&#187;off&#187; button_text_color__hover_enabled=&#187;off&#187; button_one_text_color__hover_enabled=&#187;off&#187; button_two_text_color__hover_enabled=&#187;off&#187; button_border_width__hover_enabled=&#187;off&#187; button_one_border_width__hover_enabled=&#187;off&#187; button_two_border_width__hover_enabled=&#187;off&#187; button_border_color__hover_enabled=&#187;off&#187; button_one_border_color__hover_enabled=&#187;off&#187; button_two_border_color__hover_enabled=&#187;off&#187; button_border_radius__hover_enabled=&#187;off&#187; button_one_border_radius__hover_enabled=&#187;off&#187; button_two_border_radius__hover_enabled=&#187;off&#187; button_letter_spacing__hover_enabled=&#187;off&#187; button_one_letter_spacing__hover_enabled=&#187;off&#187; button_two_letter_spacing__hover_enabled=&#187;off&#187; button_bg_color__hover_enabled=&#187;off&#187; button_one_bg_color__hover_enabled=&#187;off&#187; button_two_bg_color__hover_enabled=&#187;off&#187;][\/et_pb_contact_field][et_pb_contact_field field_id=&#187;Message&#187; field_title=&#187;\u0421\u043e\u043e\u0431\u0449\u0435\u043d\u0438\u0435&#187; field_type=&#187;text&#187; fullwidth_field=&#187;on&#187; _builder_version=&#187;4.16&#8243; global_colors_info=&#187;{}&#187; button_text_size__hover_enabled=&#187;off&#187; button_one_text_size__hover_enabled=&#187;off&#187; button_two_text_size__hover_enabled=&#187;off&#187; button_text_color__hover_enabled=&#187;off&#187; button_one_text_color__hover_enabled=&#187;off&#187; button_two_text_color__hover_enabled=&#187;off&#187; button_border_width__hover_enabled=&#187;off&#187; button_one_border_width__hover_enabled=&#187;off&#187; button_two_border_width__hover_enabled=&#187;off&#187; button_border_color__hover_enabled=&#187;off&#187; button_one_border_color__hover_enabled=&#187;off&#187; button_two_border_color__hover_enabled=&#187;off&#187; button_border_radius__hover_enabled=&#187;off&#187; button_one_border_radius__hover_enabled=&#187;off&#187; button_two_border_radius__hover_enabled=&#187;off&#187; button_letter_spacing__hover_enabled=&#187;off&#187; button_one_letter_spacing__hover_enabled=&#187;off&#187; button_two_letter_spacing__hover_enabled=&#187;off&#187; button_bg_color__hover_enabled=&#187;off&#187; button_one_bg_color__hover_enabled=&#187;off&#187; button_two_bg_color__hover_enabled=&#187;off&#187;][\/et_pb_contact_field][et_pb_contact_field field_id=&#187;Privacy&#187; field_title=&#187;\u041f\u043e\u043b\u0438\u0442\u0438\u043a\u0430 \u043a\u043e\u043d\u0444\u0438\u0434\u0435\u043d\u0446\u0438\u0430\u043b\u044c\u043d\u043e\u0441\u0442\u0438&#187; field_type=&#187;checkbox&#187; checkbox_options=&#187;%91{%22value%22:%22\u042f \u0441\u043e\u0433\u043b\u0430\u0441\u0435\u043d (-\u043d\u0430), \u0447\u0442\u043e Aknaplekk O\u00dc \u043e\u0431\u0440\u0430\u0431\u043e\u0442\u0430\u0435\u0442 \u0434\u0430\u043d\u043d\u0443\u044e \u043c\u043d\u043e\u0439 \u0438\u043d\u0444\u043e\u0440\u043c\u0430\u0446\u0438\u044e, \u043f\u0440\u0435\u0434\u0441\u0442\u0430\u0432\u043b\u0435\u043d\u043d\u0443\u044e \u0432 \u044d\u0442\u043e\u0439 \u043a\u043e\u043d\u0442\u0430\u043a\u0442\u043d\u043e\u0439 \u0444\u043e\u0440\u043c\u0435, \u0447\u0442\u043e\u0431\u044b \u0441\u0432\u044f\u0437\u0430\u0442\u044c\u0441\u044f \u0441\u043e \u043c\u043d\u043e\u0439 \u0438 \u043f\u0440\u0438\u043d\u044f\u0442\u044c \u043c\u043e\u0435 \u0441\u043e\u043e\u0431\u0449\u0435\u043d\u0438\u0435.%22,%22checked%22:0,%22dragID%22:-1}%93&#8243; fullwidth_field=&#187;on&#187; _builder_version=&#187;4.16&#8243; global_colors_info=&#187;{}&#187;][\/et_pb_contact_field][\/et_pb_contact_form][\/et_pb_column][et_pb_column type=&#187;1_3&#8243; _builder_version=&#187;4.16&#8243; use_background_color_gradient=&#187;on&#187; background_color_gradient_stops=&#187;#48c2c5 0%|rgba(72,194,197,0.81) 100%&#187; background_color_gradient_overlays_image=&#187;on&#187; background_color_gradient_start=&#187;#48c2c5&#8243; background_color_gradient_end=&#187;rgba(72,194,197,0.81)&#187; background_image=&#187;https:\/\/aknaplekk.ee\/wp-content\/uploads\/2019\/09\/Aknaplekk-ikoon-150x150px-01.png&#187; custom_padding=&#187;70px||310px|&#187; global_colors_info=&#187;{}&#187; custom_padding__hover=&#187;|||&#187;][et_pb_text _builder_version=&#187;4.27.2&#8243; text_font=&#187;Montserrat||||||||&#187; text_font_size=&#187;16px&#187; text_line_height=&#187;1.8em&#187; header_font=&#187;||||||||&#187; header_2_font=&#187;Lato|700|||||||&#187; header_2_font_size=&#187;32px&#187; header_2_line_height=&#187;1.4em&#187; background_layout=&#187;dark&#187; custom_margin=&#187;|||&#187; custom_padding=&#187;|||40px&#187; global_colors_info=&#187;{}&#187;]<\/p>\n<h2>Aknaplekk O\u00dc<\/h2>\n<p>M\u00e4nniku tee 104\/7, 11216 Tallinn<\/p>\n<p>+372 58 122 989<\/p>\n<p>+372 58 50 30 50<\/p>\n<p>tellimus[at]aknaplekk.ee<\/p>\n<p>[\/et_pb_text][\/et_pb_column][\/et_pb_row][\/et_pb_section][et_pb_section fb_built=&#187;1&#8243; fullwidth=&#187;on&#187; _builder_version=&#187;4.16&#8243; global_colors_info=&#187;{}&#187;][et_pb_fullwidth_code _builder_version=&#187;4.27.2&#8243; hover_enabled=&#187;0&#8243; global_colors_info=&#187;{}&#187; sticky_enabled=&#187;0&#8243;]<!DOCTYPE html><!-- [et_pb_line_break_holder] --><html><!-- [et_pb_line_break_holder] -->  <head><!-- [et_pb_line_break_holder] -->  <\/p>\n<style><!-- [et_pb_line_break_holder] -->    h1{<!-- [et_pb_line_break_holder] -->      text-align: center<!-- [et_pb_line_break_holder] -->    }<!-- [et_pb_line_break_holder] -->  <\/style>\n<p><!-- [et_pb_line_break_holder] -->  <\/head><!-- [et_pb_line_break_holder] --><body><!-- [et_pb_line_break_holder] --><!-- [et_pb_line_break_holder] --><!\u2013- [et_pb_br_holder] -\u2013><!\u2013- [et_pb_br_holder] -\u2013><\/p>\n<h1>\u041c\u0435\u0441\u0442\u043e\u0440\u0430\u0441\u043f\u043e\u043b\u043e\u0436\u0435\u043d\u0438\u0435 \u043d\u0430 \u043a\u0430\u0440\u0442\u0435<\/h1>\n<p><!\u2013- [et_pb_br_holder] -\u2013><!-- [et_pb_line_break_holder] --><iframe loading=\"lazy\" width=\"100%\" height=\"450\" frameborder=\"0\" scrolling=\"no\" marginheight=\"0\" marginwidth=\"0\" src=\"https:\/\/maps.google.com\/maps?q=M\u00e4nniku%20tee%20104\/7,%20Tallinn&#038;t=&#038;z=17&#038;ie=UTF8&#038;iwloc=&#038;output=embed\"><\/iframe><!-- [et_pb_line_break_holder] --><!-- [et_pb_line_break_holder] --><\/body><!-- [et_pb_line_break_holder] --><\/html>[\/et_pb_fullwidth_code][\/et_pb_section]<\/p>\n","protected":false},"excerpt":{"rendered":"<p>\u041a\u043e\u043d\u0442\u0430\u043a\u0442 \u0415\u0441\u043b\u0438 \u0443 \u0432\u0430\u0441 \u043f\u043e\u044f\u0432\u0438\u043b\u0441\u044f \u0432\u043e\u043f\u0440\u043e\u0441 \u0438\u043b\u0438 \u043f\u043e\u0436\u0435\u043b\u0430\u043d\u0438\u0435, \u0441\u043c\u0435\u043b\u043e \u0437\u0432\u043e\u043d\u0438\u0442\u0435 \u043d\u0430\u043c \u043f\u043e \u043d\u043e\u043c\u0435\u0440\u0443 \u0442\u0435\u043b\u0435\u0444\u043e\u043d\u0430 \u0438\u043b\u0438 \u0441\u0432\u044f\u0437\u044b\u0432\u0430\u0439\u0442\u0435\u0441\u044c \u043b\u044e\u0431\u044b\u043c \u0434\u0440\u0443\u0433\u0438\u043c \u0443\u0434\u043e\u0431\u043d\u044b\u043c \u0434\u043b\u044f \u0432\u0430\u0441 \u0441\u043f\u043e\u0441\u043e\u0431\u043e\u043c.Aknaplekk O\u00dc M\u00e4nniku tee 104\/7, 11216 Tallinn +372 58 122 989 +372 58 50 30 50 tellimus[at]aknaplekk.ee<\/p>\n","protected":false},"author":1,"featured_media":0,"parent":0,"menu_order":0,"comment_status":"closed","ping_status":"closed","template":"","meta":{"_et_pb_use_builder":"on","_et_pb_old_content":"<!-- wp:divi\/placeholder \/-->","_et_gb_content_width":"","footnotes":""},"class_list":["post-50","page","type-page","status-publish","hentry"],"yoast_head":"<!-- This site is optimized with the Yoast SEO plugin v27.5 - https:\/\/yoast.com\/product\/yoast-seo-wordpress\/ -->\n<title>\u041a\u043e\u043d\u0442\u0430\u043a\u0442 - Aknaplekk O&Uuml;<\/title>\n<meta name=\"robots\" content=\"index, follow, max-snippet:-1, max-image-preview:large, max-video-preview:-1\" \/>\n<link rel=\"canonical\" href=\"https:\/\/aknaplekk.ee\/ru\/kontakty\/\" \/>\n<meta property=\"og:locale\" content=\"ru_RU\" \/>\n<meta property=\"og:type\" content=\"article\" \/>\n<meta property=\"og:title\" content=\"\u041a\u043e\u043d\u0442\u0430\u043a\u0442 - Aknaplekk O&Uuml;\" \/>\n<meta property=\"og:description\" content=\"\u041a\u043e\u043d\u0442\u0430\u043a\u0442 \u0415\u0441\u043b\u0438 \u0443 \u0432\u0430\u0441 \u043f\u043e\u044f\u0432\u0438\u043b\u0441\u044f \u0432\u043e\u043f\u0440\u043e\u0441 \u0438\u043b\u0438 \u043f\u043e\u0436\u0435\u043b\u0430\u043d\u0438\u0435, \u0441\u043c\u0435\u043b\u043e \u0437\u0432\u043e\u043d\u0438\u0442\u0435 \u043d\u0430\u043c \u043f\u043e \u043d\u043e\u043c\u0435\u0440\u0443 \u0442\u0435\u043b\u0435\u0444\u043e\u043d\u0430 \u0438\u043b\u0438 \u0441\u0432\u044f\u0437\u044b\u0432\u0430\u0439\u0442\u0435\u0441\u044c \u043b\u044e\u0431\u044b\u043c \u0434\u0440\u0443\u0433\u0438\u043c \u0443\u0434\u043e\u0431\u043d\u044b\u043c \u0434\u043b\u044f \u0432\u0430\u0441 \u0441\u043f\u043e\u0441\u043e\u0431\u043e\u043c.Aknaplekk O\u00dc M\u00e4nniku tee 104\/7, 11216 Tallinn +372 58 122 989 +372 58 50 30 50 tellimus[at]aknaplekk.ee\" \/>\n<meta property=\"og:url\" content=\"https:\/\/aknaplekk.ee\/ru\/kontakty\/\" \/>\n<meta property=\"og:site_name\" content=\"Aknaplekk O&Uuml;\" \/>\n<meta property=\"article:modified_time\" content=\"2026-04-12T19:33:38+00:00\" \/>\n<meta name=\"twitter:card\" content=\"summary_large_image\" \/>\n<meta name=\"twitter:label1\" content=\"\u041f\u0440\u0438\u043c\u0435\u0440\u043d\u043e\u0435 \u0432\u0440\u0435\u043c\u044f \u0434\u043b\u044f \u0447\u0442\u0435\u043d\u0438\u044f\" \/>\n\t<meta name=\"twitter:data1\" content=\"7 \u043c\u0438\u043d\u0443\u0442\" \/>\n<script type=\"application\/ld+json\" class=\"yoast-schema-graph\">{\"@context\":\"https:\\\/\\\/schema.org\",\"@graph\":[{\"@type\":\"WebPage\",\"@id\":\"https:\\\/\\\/aknaplekk.ee\\\/ru\\\/kontakty\\\/\",\"url\":\"https:\\\/\\\/aknaplekk.ee\\\/ru\\\/kontakty\\\/\",\"name\":\"\u041a\u043e\u043d\u0442\u0430\u043a\u0442 - Aknaplekk O&Uuml;\",\"isPartOf\":{\"@id\":\"https:\\\/\\\/aknaplekk.ee\\\/#website\"},\"datePublished\":\"2019-09-19T08:28:11+00:00\",\"dateModified\":\"2026-04-12T19:33:38+00:00\",\"breadcrumb\":{\"@id\":\"https:\\\/\\\/aknaplekk.ee\\\/ru\\\/kontakty\\\/#breadcrumb\"},\"inLanguage\":\"ru-RU\",\"potentialAction\":[{\"@type\":\"ReadAction\",\"target\":[\"https:\\\/\\\/aknaplekk.ee\\\/ru\\\/kontakty\\\/\"]}]},{\"@type\":\"BreadcrumbList\",\"@id\":\"https:\\\/\\\/aknaplekk.ee\\\/ru\\\/kontakty\\\/#breadcrumb\",\"itemListElement\":[{\"@type\":\"ListItem\",\"position\":1,\"name\":\"\u0413\u043b\u0430\u0432\u043d\u0430\u044f \u0441\u0442\u0440\u0430\u043d\u0438\u0446\u0430\",\"item\":\"https:\\\/\\\/aknaplekk.ee\\\/ru\\\/\"},{\"@type\":\"ListItem\",\"position\":2,\"name\":\"\u041a\u043e\u043d\u0442\u0430\u043a\u0442\"}]},{\"@type\":\"WebSite\",\"@id\":\"https:\\\/\\\/aknaplekk.ee\\\/#website\",\"url\":\"https:\\\/\\\/aknaplekk.ee\\\/\",\"name\":\"Aknaplekk O&Uuml;\",\"description\":\"Plekit\u00f6\u00f6d, katuset\u00f6\u00f6d, vihmavees\u00fcsteem\",\"potentialAction\":[{\"@type\":\"SearchAction\",\"target\":{\"@type\":\"EntryPoint\",\"urlTemplate\":\"https:\\\/\\\/aknaplekk.ee\\\/?s={search_term_string}\"},\"query-input\":{\"@type\":\"PropertyValueSpecification\",\"valueRequired\":true,\"valueName\":\"search_term_string\"}}],\"inLanguage\":\"ru-RU\"}]}<\/script>\n<!-- \/ Yoast SEO plugin. -->","yoast_head_json":{"title":"\u041a\u043e\u043d\u0442\u0430\u043a\u0442 - Aknaplekk O&Uuml;","robots":{"index":"index","follow":"follow","max-snippet":"max-snippet:-1","max-image-preview":"max-image-preview:large","max-video-preview":"max-video-preview:-1"},"canonical":"https:\/\/aknaplekk.ee\/ru\/kontakty\/","og_locale":"ru_RU","og_type":"article","og_title":"\u041a\u043e\u043d\u0442\u0430\u043a\u0442 - Aknaplekk O&Uuml;","og_description":"\u041a\u043e\u043d\u0442\u0430\u043a\u0442 \u0415\u0441\u043b\u0438 \u0443 \u0432\u0430\u0441 \u043f\u043e\u044f\u0432\u0438\u043b\u0441\u044f \u0432\u043e\u043f\u0440\u043e\u0441 \u0438\u043b\u0438 \u043f\u043e\u0436\u0435\u043b\u0430\u043d\u0438\u0435, \u0441\u043c\u0435\u043b\u043e \u0437\u0432\u043e\u043d\u0438\u0442\u0435 \u043d\u0430\u043c \u043f\u043e \u043d\u043e\u043c\u0435\u0440\u0443 \u0442\u0435\u043b\u0435\u0444\u043e\u043d\u0430 \u0438\u043b\u0438 \u0441\u0432\u044f\u0437\u044b\u0432\u0430\u0439\u0442\u0435\u0441\u044c \u043b\u044e\u0431\u044b\u043c \u0434\u0440\u0443\u0433\u0438\u043c \u0443\u0434\u043e\u0431\u043d\u044b\u043c \u0434\u043b\u044f \u0432\u0430\u0441 \u0441\u043f\u043e\u0441\u043e\u0431\u043e\u043c.Aknaplekk O\u00dc M\u00e4nniku tee 104\/7, 11216 Tallinn +372 58 122 989 +372 58 50 30 50 tellimus[at]aknaplekk.ee","og_url":"https:\/\/aknaplekk.ee\/ru\/kontakty\/","og_site_name":"Aknaplekk O&Uuml;","article_modified_time":"2026-04-12T19:33:38+00:00","twitter_card":"summary_large_image","twitter_misc":{"\u041f\u0440\u0438\u043c\u0435\u0440\u043d\u043e\u0435 \u0432\u0440\u0435\u043c\u044f \u0434\u043b\u044f \u0447\u0442\u0435\u043d\u0438\u044f":"7 \u043c\u0438\u043d\u0443\u0442"},"schema":{"@context":"https:\/\/schema.org","@graph":[{"@type":"WebPage","@id":"https:\/\/aknaplekk.ee\/ru\/kontakty\/","url":"https:\/\/aknaplekk.ee\/ru\/kontakty\/","name":"\u041a\u043e\u043d\u0442\u0430\u043a\u0442 - Aknaplekk O&Uuml;","isPartOf":{"@id":"https:\/\/aknaplekk.ee\/#website"},"datePublished":"2019-09-19T08:28:11+00:00","dateModified":"2026-04-12T19:33:38+00:00","breadcrumb":{"@id":"https:\/\/aknaplekk.ee\/ru\/kontakty\/#breadcrumb"},"inLanguage":"ru-RU","potentialAction":[{"@type":"ReadAction","target":["https:\/\/aknaplekk.ee\/ru\/kontakty\/"]}]},{"@type":"BreadcrumbList","@id":"https:\/\/aknaplekk.ee\/ru\/kontakty\/#breadcrumb","itemListElement":[{"@type":"ListItem","position":1,"name":"\u0413\u043b\u0430\u0432\u043d\u0430\u044f \u0441\u0442\u0440\u0430\u043d\u0438\u0446\u0430","item":"https:\/\/aknaplekk.ee\/ru\/"},{"@type":"ListItem","position":2,"name":"\u041a\u043e\u043d\u0442\u0430\u043a\u0442"}]},{"@type":"WebSite","@id":"https:\/\/aknaplekk.ee\/#website","url":"https:\/\/aknaplekk.ee\/","name":"Aknaplekk O&Uuml;","description":"Plekit\u00f6\u00f6d, katuset\u00f6\u00f6d, vihmavees\u00fcsteem","potentialAction":[{"@type":"SearchAction","target":{"@type":"EntryPoint","urlTemplate":"https:\/\/aknaplekk.ee\/?s={search_term_string}"},"query-input":{"@type":"PropertyValueSpecification","valueRequired":true,"valueName":"search_term_string"}}],"inLanguage":"ru-RU"}]}},"_links":{"self":[{"href":"https:\/\/aknaplekk.ee\/ru\/wp-json\/wp\/v2\/pages\/50","targetHints":{"allow":["GET"]}}],"collection":[{"href":"https:\/\/aknaplekk.ee\/ru\/wp-json\/wp\/v2\/pages"}],"about":[{"href":"https:\/\/aknaplekk.ee\/ru\/wp-json\/wp\/v2\/types\/page"}],"author":[{"embeddable":true,"href":"https:\/\/aknaplekk.ee\/ru\/wp-json\/wp\/v2\/users\/1"}],"replies":[{"embeddable":true,"href":"https:\/\/aknaplekk.ee\/ru\/wp-json\/wp\/v2\/comments?post=50"}],"version-history":[{"count":30,"href":"https:\/\/aknaplekk.ee\/ru\/wp-json\/wp\/v2\/pages\/50\/revisions"}],"predecessor-version":[{"id":1776,"href":"https:\/\/aknaplekk.ee\/ru\/wp-json\/wp\/v2\/pages\/50\/revisions\/1776"}],"wp:attachment":[{"href":"https:\/\/aknaplekk.ee\/ru\/wp-json\/wp\/v2\/media?parent=50"}],"curies":[{"name":"wp","href":"https:\/\/api.w.org\/{rel}","templated":true}]}}