{"id":2153,"date":"2026-04-15T20:42:58","date_gmt":"2026-04-15T20:42:58","guid":{"rendered":"https:\/\/aknaplekk.ee\/%d0%ba%d0%be%d1%80%d0%b7%d0%b8%d0%bd%d0%b0\/"},"modified":"2026-05-06T08:11:49","modified_gmt":"2026-05-06T08:11:49","slug":"korzina","status":"publish","type":"page","link":"https:\/\/aknaplekk.ee\/ru\/korzina\/","title":{"rendered":"\u041a\u043e\u0440\u0437\u0438\u043d\u0430"},"content":{"rendered":"\n","protected":false},"excerpt":{"rendered":"","protected":false},"author":1,"featured_media":0,"parent":0,"menu_order":0,"comment_status":"closed","ping_status":"closed","template":"","meta":{"_et_pb_use_builder":"off","_et_pb_old_content":"<!-- wp:woocommerce\/cart -->\r\n<div class=\"wp-block-woocommerce-cart alignwide is-loading\"><!-- wp:woocommerce\/filled-cart-block -->\r\n<div class=\"wp-block-woocommerce-filled-cart-block\"><!-- wp:woocommerce\/cart-items-block -->\r\n<div class=\"wp-block-woocommerce-cart-items-block\"><!-- wp:woocommerce\/cart-line-items-block -->\r\n<div class=\"wp-block-woocommerce-cart-line-items-block\"><\/div>\r\n<!-- \/wp:woocommerce\/cart-line-items-block -->\r\n\r\n<!-- wp:woocommerce\/product-collection {\"queryId\":0,\"query\":{\"perPage\":3,\"pages\":1,\"offset\":0,\"postType\":\"product\",\"order\":\"asc\",\"orderBy\":\"title\",\"search\":\"\",\"exclude\":[],\"inherit\":false,\"taxQuery\":[],\"isProductCollectionBlock\":true,\"featured\":false,\"woocommerceOnSale\":false,\"woocommerceStockStatus\":[\"instock\",\"outofstock\",\"onbackorder\"],\"woocommerceAttributes\":[],\"woocommerceHandPickedProducts\":[],\"filterable\":false,\"relatedBy\":{\"categories\":true,\"tags\":true}},\"tagName\":\"div\",\"displayLayout\":{\"type\":\"flex\",\"columns\":3,\"shrinkColumns\":true},\"dimensions\":{\"widthType\":\"fill\"},\"collection\":\"woocommerce\/product-collection\/cross-sells\",\"hideControls\":[\"filterable\"],\"queryContextIncludes\":[\"collection\"],\"__privatePreviewState\":{\"isPreview\":true,\"previewMessage\":\"Actual products will vary depending on the page being viewed.\"}} -->\r\n<div class=\"wp-block-woocommerce-product-collection\"><!-- wp:heading {\"textAlign\":\"left\",\"style\":{\"spacing\":{\"margin\":{\"bottom\":\"1rem\"}}}} -->\r\n<h2 class=\"wp-block-heading has-text-align-left\" style=\"margin-bottom:1rem\">\u0412\u0430\u0441 \u0442\u0430\u043a\u0436\u0435 \u043c\u043e\u0436\u0435\u0442 \u0437\u0430\u0438\u043d\u0442\u0435\u0440\u0435\u0441\u043e\u0432\u0430\u0442\u044c\u2026<\/h2>\r\n<!-- \/wp:heading -->\r\n\r\n<!-- wp:woocommerce\/product-template -->\r\n<!-- wp:woocommerce\/product-image {\"showSaleBadge\":false,\"imageSizing\":\"thumbnail\",\"isDescendentOfQueryLoop\":true} -->\r\n<!-- wp:woocommerce\/product-sale-badge {\"align\":\"right\"} \/-->\r\n<!-- \/wp:woocommerce\/product-image -->\r\n\r\n<!-- wp:post-title {\"textAlign\":\"center\",\"isLink\":true,\"style\":{\"spacing\":{\"margin\":{\"bottom\":\"0.75rem\",\"top\":\"0\"}},\"typography\":{\"lineHeight\":\"1.4\"}},\"fontSize\":\"medium\",\"__woocommerceNamespace\":\"woocommerce\/product-collection\/product-title\"} \/-->\r\n\r\n<!-- wp:woocommerce\/product-price {\"isDescendentOfQueryLoop\":true,\"textAlign\":\"center\",\"fontSize\":\"small\"} \/-->\r\n\r\n<!-- wp:woocommerce\/product-button {\"textAlign\":\"center\",\"isDescendentOfQueryLoop\":true,\"fontSize\":\"small\"} \/-->\r\n<!-- \/wp:woocommerce\/product-template --><\/div>\r\n<!-- \/wp:woocommerce\/product-collection --><\/div>\r\n<!-- \/wp:woocommerce\/cart-items-block -->\r\n\r\n<!-- wp:woocommerce\/cart-totals-block -->\r\n<div class=\"wp-block-woocommerce-cart-totals-block\"><!-- wp:woocommerce\/cart-order-summary-block -->\r\n<div class=\"wp-block-woocommerce-cart-order-summary-block\"><!-- wp:woocommerce\/cart-order-summary-heading-block {\"content\":\"\u0421\u0443\u043c\u043c\u0430 \u043a\u043e\u0440\u0437\u0438\u043d\u044b\"} -->\r\n<div class=\"wp-block-woocommerce-cart-order-summary-heading-block\"><\/div>\r\n<!-- \/wp:woocommerce\/cart-order-summary-heading-block -->\r\n\r\n<!-- wp:woocommerce\/cart-order-summary-coupon-form-block -->\r\n<div class=\"wp-block-woocommerce-cart-order-summary-coupon-form-block\"><\/div>\r\n<!-- \/wp:woocommerce\/cart-order-summary-coupon-form-block -->\r\n\r\n<!-- wp:woocommerce\/cart-order-summary-totals-block -->\r\n<div class=\"wp-block-woocommerce-cart-order-summary-totals-block\"><!-- wp:woocommerce\/cart-order-summary-subtotal-block -->\r\n<div class=\"wp-block-woocommerce-cart-order-summary-subtotal-block\"><\/div>\r\n<!-- \/wp:woocommerce\/cart-order-summary-subtotal-block -->\r\n\r\n<!-- wp:woocommerce\/cart-order-summary-fee-block -->\r\n<div class=\"wp-block-woocommerce-cart-order-summary-fee-block\"><\/div>\r\n<!-- \/wp:woocommerce\/cart-order-summary-fee-block -->\r\n\r\n<!-- wp:woocommerce\/cart-order-summary-discount-block -->\r\n<div class=\"wp-block-woocommerce-cart-order-summary-discount-block\"><\/div>\r\n<!-- \/wp:woocommerce\/cart-order-summary-discount-block -->\r\n\r\n<!-- wp:woocommerce\/cart-order-summary-shipping-block -->\r\n<div class=\"wp-block-woocommerce-cart-order-summary-shipping-block\"><\/div>\r\n<!-- \/wp:woocommerce\/cart-order-summary-shipping-block -->\r\n\r\n<!-- wp:woocommerce\/cart-order-summary-taxes-block -->\r\n<div class=\"wp-block-woocommerce-cart-order-summary-taxes-block\"><\/div>\r\n<!-- \/wp:woocommerce\/cart-order-summary-taxes-block --><\/div>\r\n<!-- \/wp:woocommerce\/cart-order-summary-totals-block --><\/div>\r\n<!-- \/wp:woocommerce\/cart-order-summary-block -->\r\n\r\n<!-- wp:woocommerce\/cart-express-payment-block -->\r\n<div class=\"wp-block-woocommerce-cart-express-payment-block\"><\/div>\r\n<!-- \/wp:woocommerce\/cart-express-payment-block -->\r\n\r\n<!-- wp:woocommerce\/proceed-to-checkout-block -->\r\n<div class=\"wp-block-woocommerce-proceed-to-checkout-block\"><\/div>\r\n<!-- \/wp:woocommerce\/proceed-to-checkout-block -->\r\n\r\n<!-- wp:woocommerce\/cart-accepted-payment-methods-block -->\r\n<div class=\"wp-block-woocommerce-cart-accepted-payment-methods-block\"><\/div>\r\n<!-- \/wp:woocommerce\/cart-accepted-payment-methods-block --><\/div>\r\n<!-- \/wp:woocommerce\/cart-totals-block --><\/div>\r\n<!-- \/wp:woocommerce\/filled-cart-block -->\r\n\r\n<!-- wp:woocommerce\/empty-cart-block -->\r\n<div class=\"wp-block-woocommerce-empty-cart-block\"><!-- wp:heading {\"textAlign\":\"center\",\"className\":\"with-empty-cart-icon wc-block-cart__empty-cart__title\"} -->\r\n<h2 class=\"wp-block-heading has-text-align-center with-empty-cart-icon wc-block-cart__empty-cart__title\">\u0412\u0430\u0448\u0430 \u043a\u043e\u0440\u0437\u0438\u043d\u0430 \u0441\u0435\u0439\u0447\u0430\u0441 \u043f\u0443\u0441\u0442\u0430!<\/h2>\r\n<!-- \/wp:heading -->\r\n\r\n<!-- wp:separator {\"className\":\"is-style-dots\"} -->\r\n<hr class=\"wp-block-separator has-alpha-channel-opacity is-style-dots\"\/>\r\n<!-- \/wp:separator -->\r\n\r\n<!-- wp:heading {\"textAlign\":\"center\"} -->\r\n<h2 class=\"wp-block-heading has-text-align-center\">\u041d\u043e\u0432\u0438\u043d\u043a\u0438 \u043c\u0430\u0433\u0430\u0437\u0438\u043d\u0430<\/h2>\r\n<!-- \/wp:heading -->\r\n\r\n<!-- wp:woocommerce\/product-new {\"columns\":4,\"rows\":1} \/--><\/div>\r\n<!-- \/wp:woocommerce\/empty-cart-block --><\/div>\r\n<!-- \/wp:woocommerce\/cart -->","_et_gb_content_width":"","footnotes":""},"class_list":["post-2153","page","type-page","status-publish","hentry"],"yoast_head":"<!-- This site is optimized with the Yoast SEO plugin v27.5 - https:\/\/yoast.com\/product\/yoast-seo-wordpress\/ -->\n<title>\u041a\u043e\u0440\u0437\u0438\u043d\u0430 - Aknaplekk O&Uuml;<\/title>\n<meta name=\"robots\" content=\"index, follow, max-snippet:-1, max-image-preview:large, max-video-preview:-1\" \/>\n<link rel=\"canonical\" href=\"https:\/\/aknaplekk.ee\/ru\/korzina\/\" \/>\n<meta property=\"og:locale\" content=\"ru_RU\" \/>\n<meta property=\"og:type\" content=\"article\" \/>\n<meta property=\"og:title\" content=\"\u041a\u043e\u0440\u0437\u0438\u043d\u0430 - Aknaplekk O&Uuml;\" \/>\n<meta property=\"og:url\" content=\"https:\/\/aknaplekk.ee\/ru\/korzina\/\" \/>\n<meta property=\"og:site_name\" content=\"Aknaplekk O&Uuml;\" \/>\n<meta property=\"article:modified_time\" content=\"2026-05-06T08:11:49+00:00\" \/>\n<meta name=\"twitter:card\" content=\"summary_large_image\" \/>\n<meta name=\"twitter:label1\" content=\"\u041f\u0440\u0438\u043c\u0435\u0440\u043d\u043e\u0435 \u0432\u0440\u0435\u043c\u044f \u0434\u043b\u044f \u0447\u0442\u0435\u043d\u0438\u044f\" \/>\n\t<meta name=\"twitter:data1\" content=\"1 \u043c\u0438\u043d\u0443\u0442\u0430\" \/>\n<script type=\"application\/ld+json\" class=\"yoast-schema-graph\">{\"@context\":\"https:\\\/\\\/schema.org\",\"@graph\":[{\"@type\":\"WebPage\",\"@id\":\"https:\\\/\\\/aknaplekk.ee\\\/ru\\\/korzina\\\/\",\"url\":\"https:\\\/\\\/aknaplekk.ee\\\/ru\\\/korzina\\\/\",\"name\":\"\u041a\u043e\u0440\u0437\u0438\u043d\u0430 - Aknaplekk O&Uuml;\",\"isPartOf\":{\"@id\":\"https:\\\/\\\/aknaplekk.ee\\\/#website\"},\"datePublished\":\"2026-04-15T20:42:58+00:00\",\"dateModified\":\"2026-05-06T08:11:49+00:00\",\"breadcrumb\":{\"@id\":\"https:\\\/\\\/aknaplekk.ee\\\/ru\\\/korzina\\\/#breadcrumb\"},\"inLanguage\":\"ru-RU\",\"potentialAction\":[{\"@type\":\"ReadAction\",\"target\":[\"https:\\\/\\\/aknaplekk.ee\\\/ru\\\/korzina\\\/\"]}]},{\"@type\":\"BreadcrumbList\",\"@id\":\"https:\\\/\\\/aknaplekk.ee\\\/ru\\\/korzina\\\/#breadcrumb\",\"itemListElement\":[{\"@type\":\"ListItem\",\"position\":1,\"name\":\"\u0413\u043b\u0430\u0432\u043d\u0430\u044f \u0441\u0442\u0440\u0430\u043d\u0438\u0446\u0430\",\"item\":\"https:\\\/\\\/aknaplekk.ee\\\/ru\\\/\"},{\"@type\":\"ListItem\",\"position\":2,\"name\":\"\u041a\u043e\u0440\u0437\u0438\u043d\u0430\"}]},{\"@type\":\"WebSite\",\"@id\":\"https:\\\/\\\/aknaplekk.ee\\\/#website\",\"url\":\"https:\\\/\\\/aknaplekk.ee\\\/\",\"name\":\"Aknaplekk O&Uuml;\",\"description\":\"Plekit\u00f6\u00f6d, katuset\u00f6\u00f6d, vihmavees\u00fcsteem\",\"potentialAction\":[{\"@type\":\"SearchAction\",\"target\":{\"@type\":\"EntryPoint\",\"urlTemplate\":\"https:\\\/\\\/aknaplekk.ee\\\/?s={search_term_string}\"},\"query-input\":{\"@type\":\"PropertyValueSpecification\",\"valueRequired\":true,\"valueName\":\"search_term_string\"}}],\"inLanguage\":\"ru-RU\"}]}<\/script>\n<!-- \/ Yoast SEO plugin. -->","yoast_head_json":{"title":"\u041a\u043e\u0440\u0437\u0438\u043d\u0430 - Aknaplekk O&Uuml;","robots":{"index":"index","follow":"follow","max-snippet":"max-snippet:-1","max-image-preview":"max-image-preview:large","max-video-preview":"max-video-preview:-1"},"canonical":"https:\/\/aknaplekk.ee\/ru\/korzina\/","og_locale":"ru_RU","og_type":"article","og_title":"\u041a\u043e\u0440\u0437\u0438\u043d\u0430 - Aknaplekk O&Uuml;","og_url":"https:\/\/aknaplekk.ee\/ru\/korzina\/","og_site_name":"Aknaplekk O&Uuml;","article_modified_time":"2026-05-06T08:11:49+00:00","twitter_card":"summary_large_image","twitter_misc":{"\u041f\u0440\u0438\u043c\u0435\u0440\u043d\u043e\u0435 \u0432\u0440\u0435\u043c\u044f \u0434\u043b\u044f \u0447\u0442\u0435\u043d\u0438\u044f":"1 \u043c\u0438\u043d\u0443\u0442\u0430"},"schema":{"@context":"https:\/\/schema.org","@graph":[{"@type":"WebPage","@id":"https:\/\/aknaplekk.ee\/ru\/korzina\/","url":"https:\/\/aknaplekk.ee\/ru\/korzina\/","name":"\u041a\u043e\u0440\u0437\u0438\u043d\u0430 - Aknaplekk O&Uuml;","isPartOf":{"@id":"https:\/\/aknaplekk.ee\/#website"},"datePublished":"2026-04-15T20:42:58+00:00","dateModified":"2026-05-06T08:11:49+00:00","breadcrumb":{"@id":"https:\/\/aknaplekk.ee\/ru\/korzina\/#breadcrumb"},"inLanguage":"ru-RU","potentialAction":[{"@type":"ReadAction","target":["https:\/\/aknaplekk.ee\/ru\/korzina\/"]}]},{"@type":"BreadcrumbList","@id":"https:\/\/aknaplekk.ee\/ru\/korzina\/#breadcrumb","itemListElement":[{"@type":"ListItem","position":1,"name":"\u0413\u043b\u0430\u0432\u043d\u0430\u044f \u0441\u0442\u0440\u0430\u043d\u0438\u0446\u0430","item":"https:\/\/aknaplekk.ee\/ru\/"},{"@type":"ListItem","position":2,"name":"\u041a\u043e\u0440\u0437\u0438\u043d\u0430"}]},{"@type":"WebSite","@id":"https:\/\/aknaplekk.ee\/#website","url":"https:\/\/aknaplekk.ee\/","name":"Aknaplekk O&Uuml;","description":"Plekit\u00f6\u00f6d, katuset\u00f6\u00f6d, vihmavees\u00fcsteem","potentialAction":[{"@type":"SearchAction","target":{"@type":"EntryPoint","urlTemplate":"https:\/\/aknaplekk.ee\/?s={search_term_string}"},"query-input":{"@type":"PropertyValueSpecification","valueRequired":true,"valueName":"search_term_string"}}],"inLanguage":"ru-RU"}]}},"_links":{"self":[{"href":"https:\/\/aknaplekk.ee\/ru\/wp-json\/wp\/v2\/pages\/2153","targetHints":{"allow":["GET"]}}],"collection":[{"href":"https:\/\/aknaplekk.ee\/ru\/wp-json\/wp\/v2\/pages"}],"about":[{"href":"https:\/\/aknaplekk.ee\/ru\/wp-json\/wp\/v2\/types\/page"}],"author":[{"embeddable":true,"href":"https:\/\/aknaplekk.ee\/ru\/wp-json\/wp\/v2\/users\/1"}],"replies":[{"embeddable":true,"href":"https:\/\/aknaplekk.ee\/ru\/wp-json\/wp\/v2\/comments?post=2153"}],"version-history":[{"count":3,"href":"https:\/\/aknaplekk.ee\/ru\/wp-json\/wp\/v2\/pages\/2153\/revisions"}],"predecessor-version":[{"id":2224,"href":"https:\/\/aknaplekk.ee\/ru\/wp-json\/wp\/v2\/pages\/2153\/revisions\/2224"}],"wp:attachment":[{"href":"https:\/\/aknaplekk.ee\/ru\/wp-json\/wp\/v2\/media?parent=2153"}],"curies":[{"name":"wp","href":"https:\/\/api.w.org\/{rel}","templated":true}]}}